{"id":778,"date":"2024-05-03T14:51:09","date_gmt":"2024-05-03T14:51:09","guid":{"rendered":"https:\/\/akamv2.nmu.digital\/?page_id=778"},"modified":"2024-12-12T16:56:49","modified_gmt":"2024-12-12T21:56:49","slug":"case-studies","status":"publish","type":"page","link":"https:\/\/akam.com\/es\/services\/project-management\/case-studies\/","title":{"rendered":"Casos de proyectos"},"content":{"rendered":"<h2 class=\"wp-block-heading\" id=\"h-window-replacement-project\">Proyecto de reemplazo de ventanas<\/h2>\n\n\n\n<h3 class=\"wp-block-heading\" id=\"h-86-unit-co-op-in-the-west-village\"><br>Cooperativa de 86 unidades en West Village<\/h3>\n\n\n\n<p>Costo total inicial del proyecto: $2,5 millones<br>Ahorros PMG: <strong>11%<\/strong> a trav\u00e9s de negociaciones de costos unitarios para la restauraci\u00f3n interior y renegociaci\u00f3n de las \u00f3rdenes de cambio (CO)<\/p>\n\n\n\n<div class=\"divider\"><\/div>\n\n\n\n<h2 class=\"wp-block-heading\" id=\"h-local-law-11-project\">Proyecto Ley Local 11<\/h2>\n\n\n\n<h3 class=\"wp-block-heading\" id=\"h-116-unit-co-op-in-lenox-hill\"><br>Cooperativa de 116 unidades en Lenox Hill<\/h3>\n\n\n\n<p>Costo total del proyecto: $743,000<br>Ahorros PMG: <strong>25%<\/strong> monitoreando de cerca el proyecto, revisando las condiciones requeridas, buscando m\u00e9todos de reparaci\u00f3n alternativos y responsabilizando al GC\/ingeniero (cr\u00e9ditos, renegociaciones de CO)<\/p>\n\n\n\n<div class=\"divider\"><\/div>\n\n\n\n<h2 class=\"wp-block-heading\" id=\"h-facade-project\">Proyecto Fa\u00e7ade<\/h2>\n\n\n\n<h3 class=\"wp-block-heading\" id=\"h-31-unit-co-op-in-park-slope\"><br>Cooperativa de 31 unidades en Park Slope<\/h3>\n\n\n\n<p>Costo total del proyecto: $300,000<br>Ahorros PMG:<strong> 13%<\/strong> a trav\u00e9s de negociaciones de costos unitarios para la restauraci\u00f3n exterior y renegociaci\u00f3n de las \u00f3rdenes de cambio.<\/p>\n\n\n\n<div class=\"divider\"><\/div>\n\n\n\n<h2 class=\"wp-block-heading\" id=\"h-local-law-11-project-0\">Proyecto Ley Local 11<\/h2>\n\n\n\n<h3 class=\"wp-block-heading\" id=\"h-111-unit-co-op-in-midtown-east\"><br>Cooperativa de 111 unidades en Midtown East<\/h3>\n\n\n\n<p>Costo total del proyecto: $961,000<br>Ahorros PMG: <strong>5%<\/strong> a trav\u00e9s de negociaciones de costos unitarios para la restauraci\u00f3n exterior, renegociaciones de CO y responsabilizando al GC\/Ingeniero por los d\u00edas perdidos, descuidos, retrasos, etc.<\/p>\n\n\n\n<div class=\"divider\"><\/div>\n\n\n\n<h2 class=\"wp-block-heading\" id=\"h-acm-removal-scope\">Alcance de la eliminaci\u00f3n de ACM<\/h2>\n\n\n\n<h3 class=\"wp-block-heading\" id=\"h-172-unit-co-op-in-the-east-village\"><br>Cooperativa de 172 unidades en East Village<\/h3>\n\n\n\n<p>Propuestas iniciales: $250.000<br>Ahorros PMG: PMG logr\u00f3 negociar y completar el presupuesto con <strong>casi 50% de ahorro<\/strong>.<\/p>\n\n\n\n<div class=\"divider\"><\/div>\n\n\n\n<h2 class=\"wp-block-heading\" id=\"h-energy-plant-upgrade\">Actualizaci\u00f3n de la planta de energ\u00eda<\/h2>\n\n\n\n<h3 class=\"wp-block-heading\" id=\"h-172-unit-co-op-in-the-east-village-0\"><br>Cooperativa de 172 unidades en East Village<\/h3>\n\n\n\n<p>Costo total del proyecto: $9,6 millones<br>Ahorros PMG: <strong>~20% de incentivo, casi $1,2 millones de la Ciudad y un cr\u00e9dito de 1% para gastos reembolsables<\/strong>. El trabajo implic\u00f3 una nueva enfriadora\/HVAC y el cambio de un sistema fancoil a un sistema de bomba de calor. AKAM obtuvo fondos de NYSERDA para pagarlo.<\/p>\n\n\n\n<div class=\"divider\"><\/div>\n\n\n\n<h2 class=\"wp-block-heading\" id=\"h-amenity-renovation-gym-locker-room-pool\">Renovaci\u00f3n de amenidades (gimnasio\/vestuarios\/piscina)<\/h2>\n\n\n\n<h3 class=\"wp-block-heading\" id=\"h-1300-unit-co-op-in-the-riverdale-ny\"><br>1300-unit Co-op in the Riverdale, NY<\/h3>\n\n\n\n<p>Ahorros de PMG: Al escalonar el trabajo de manera diferente, PMG brind\u00f3 a los residentes una temporada de piscina m\u00e1s placentera al evitar la construcci\u00f3n cerca del \u00e1rea de la piscina. Adem\u00e1s, PMG elimin\u00f3 la necesidad de cercas de construcci\u00f3n adicionales, <strong>salvando el edificio $120,000<\/strong>.<\/p>\n\n\n\n<div class=\"divider\"><\/div>\n\n\n\n<h2 class=\"wp-block-heading\" id=\"h-paving-project\">Proyecto de pavimentaci\u00f3n<\/h2>\n\n\n\n<h3 class=\"wp-block-heading\" id=\"h-148-unit-co-op-on-the-upper-east-side\"><br>Cooperativa de 148 unidades en el Upper East Side<\/h3>\n\n\n\n<p>Ahorros PMG: PMG negoci\u00f3 un <strong>$5,000 de descuento <\/strong>en una cotizaci\u00f3n de instalaci\u00f3n de adoquines para el edificio.<\/p>\n\n\n\n<div class=\"divider\"><\/div>","protected":false},"excerpt":{"rendered":"<p>Proyecto de reemplazo de ventanas Cooperativa de 86 unidades en West Village Costo total inicial del proyecto: $2.5 millones PMG Ahorros: 11% a trav\u00e9s de negociaciones de costos unitarios para la restauraci\u00f3n interior y la renegociaci\u00f3n de las \u00f3rdenes de cambio (CO) Proyecto de Ley Local 11 Cooperativa de 116 unidades en Lenox Hill Costo total del proyecto: $743,000 PMG Ahorros: 25% al monitorear el alcance de cerca, revisar las condiciones\u2026 <a class=\"more-link\" href=\"https:\/\/akam.com\/es\/services\/project-management\/case-studies\/\">seguir leyendo <span class=\"screen-reader-text\">Casos de proyectos<\/span><\/a><\/p>","protected":false},"author":1,"featured_media":0,"parent":207,"menu_order":0,"comment_status":"closed","ping_status":"closed","template":"templates\/template.case-studies.php","meta":{"_acf_changed":false,"inline_featured_image":false,"footnotes":""},"class_list":["post-778","page","type-page","status-publish","hentry","entry"],"acf":[],"yoast_head":"<!-- This site is optimized with the Yoast SEO plugin v27.3 - https:\/\/yoast.com\/product\/yoast-seo-wordpress\/ -->\r\n<title>Case Studies - AKAM<\/title>\r\n<meta name=\"robots\" content=\"index, follow, max-snippet:-1, max-image-preview:large, max-video-preview:-1\" \/>\r\n<link rel=\"canonical\" href=\"https:\/\/akam.com\/es\/services\/project-management\/case-studies\/\" \/>\r\n<meta property=\"og:locale\" content=\"es_ES\" \/>\r\n<meta property=\"og:type\" content=\"article\" \/>\r\n<meta property=\"og:title\" content=\"Case Studies - AKAM\" \/>\r\n<meta property=\"og:description\" content=\"Window Replacement Project 86-unit Co-op in the West Village Initial Total Project Cost: $2.5 millionPMG Savings: 11% through negotiations of unit costs for interior restoration and re-negotiation of the change orders (COs) Local Law 11 Project 116 unit Co-op in Lenox Hill Total Project Cost: $743,000PMG Savings: 25% by monitoring the scope closely, reviewing conditions&hellip; Seguir leyendo Case Studies\" \/>\r\n<meta property=\"og:url\" content=\"https:\/\/akam.com\/es\/services\/project-management\/case-studies\/\" \/>\r\n<meta property=\"og:site_name\" content=\"AKAM\" \/>\r\n<meta property=\"article:modified_time\" content=\"2024-12-12T21:56:49+00:00\" \/>\r\n<meta name=\"twitter:card\" content=\"summary_large_image\" \/>\r\n<meta name=\"twitter:label1\" content=\"Tiempo de lectura\" \/>\n\t<meta name=\"twitter:data1\" content=\"2 minutos\" \/>\r\n<script type=\"application\/ld+json\" class=\"yoast-schema-graph\">{\"@context\":\"https:\\\/\\\/schema.org\",\"@graph\":[{\"@type\":\"WebPage\",\"@id\":\"https:\\\/\\\/akam.com\\\/services\\\/project-management\\\/case-studies\\\/\",\"url\":\"https:\\\/\\\/akam.com\\\/services\\\/project-management\\\/case-studies\\\/\",\"name\":\"Case Studies - AKAM\",\"isPartOf\":{\"@id\":\"https:\\\/\\\/akam.com\\\/#website\"},\"datePublished\":\"2024-05-03T14:51:09+00:00\",\"dateModified\":\"2024-12-12T21:56:49+00:00\",\"breadcrumb\":{\"@id\":\"https:\\\/\\\/akam.com\\\/services\\\/project-management\\\/case-studies\\\/#breadcrumb\"},\"inLanguage\":\"es\",\"potentialAction\":[{\"@type\":\"ReadAction\",\"target\":[\"https:\\\/\\\/akam.com\\\/services\\\/project-management\\\/case-studies\\\/\"]}]},{\"@type\":\"BreadcrumbList\",\"@id\":\"https:\\\/\\\/akam.com\\\/services\\\/project-management\\\/case-studies\\\/#breadcrumb\",\"itemListElement\":[{\"@type\":\"ListItem\",\"position\":1,\"name\":\"Home\",\"item\":\"https:\\\/\\\/akam.com\\\/\"},{\"@type\":\"ListItem\",\"position\":2,\"name\":\"Services\",\"item\":\"https:\\\/\\\/akam.com\\\/services\\\/\"},{\"@type\":\"ListItem\",\"position\":3,\"name\":\"Capital Project Management\",\"item\":\"https:\\\/\\\/akam.com\\\/services\\\/project-management\\\/\"},{\"@type\":\"ListItem\",\"position\":4,\"name\":\"Case Studies\"}]},{\"@type\":\"WebSite\",\"@id\":\"https:\\\/\\\/akam.com\\\/#website\",\"url\":\"https:\\\/\\\/akam.com\\\/\",\"name\":\"AKAM\",\"description\":\"Discover AKAM, the best property management company offering comprehensive services for residential and commercial properties. Contact us today.\",\"potentialAction\":[{\"@type\":\"SearchAction\",\"target\":{\"@type\":\"EntryPoint\",\"urlTemplate\":\"https:\\\/\\\/akam.com\\\/?s={search_term_string}\"},\"query-input\":{\"@type\":\"PropertyValueSpecification\",\"valueRequired\":true,\"valueName\":\"search_term_string\"}}],\"inLanguage\":\"es\"}]}<\/script>\r\n<!-- \/ Yoast SEO plugin. -->","yoast_head_json":{"title":"Case Studies - AKAM","robots":{"index":"index","follow":"follow","max-snippet":"max-snippet:-1","max-image-preview":"max-image-preview:large","max-video-preview":"max-video-preview:-1"},"canonical":"https:\/\/akam.com\/es\/services\/project-management\/case-studies\/","og_locale":"es_ES","og_type":"article","og_title":"Case Studies - AKAM","og_description":"Window Replacement Project 86-unit Co-op in the West Village Initial Total Project Cost: $2.5 millionPMG Savings: 11% through negotiations of unit costs for interior restoration and re-negotiation of the change orders (COs) Local Law 11 Project 116 unit Co-op in Lenox Hill Total Project Cost: $743,000PMG Savings: 25% by monitoring the scope closely, reviewing conditions&hellip; Seguir leyendo Case Studies","og_url":"https:\/\/akam.com\/es\/services\/project-management\/case-studies\/","og_site_name":"AKAM","article_modified_time":"2024-12-12T21:56:49+00:00","twitter_card":"summary_large_image","twitter_misc":{"Tiempo de lectura":"2 minutos"},"schema":{"@context":"https:\/\/schema.org","@graph":[{"@type":"WebPage","@id":"https:\/\/akam.com\/services\/project-management\/case-studies\/","url":"https:\/\/akam.com\/services\/project-management\/case-studies\/","name":"Case Studies - AKAM","isPartOf":{"@id":"https:\/\/akam.com\/#website"},"datePublished":"2024-05-03T14:51:09+00:00","dateModified":"2024-12-12T21:56:49+00:00","breadcrumb":{"@id":"https:\/\/akam.com\/services\/project-management\/case-studies\/#breadcrumb"},"inLanguage":"es","potentialAction":[{"@type":"ReadAction","target":["https:\/\/akam.com\/services\/project-management\/case-studies\/"]}]},{"@type":"BreadcrumbList","@id":"https:\/\/akam.com\/services\/project-management\/case-studies\/#breadcrumb","itemListElement":[{"@type":"ListItem","position":1,"name":"Home","item":"https:\/\/akam.com\/"},{"@type":"ListItem","position":2,"name":"Services","item":"https:\/\/akam.com\/services\/"},{"@type":"ListItem","position":3,"name":"Capital Project Management","item":"https:\/\/akam.com\/services\/project-management\/"},{"@type":"ListItem","position":4,"name":"Case Studies"}]},{"@type":"WebSite","@id":"https:\/\/akam.com\/#website","url":"https:\/\/akam.com\/","name":"AKAM","description":"Discover AKAM, the best property management company offering comprehensive services for residential and commercial properties. Contact us today.","potentialAction":[{"@type":"SearchAction","target":{"@type":"EntryPoint","urlTemplate":"https:\/\/akam.com\/?s={search_term_string}"},"query-input":{"@type":"PropertyValueSpecification","valueRequired":true,"valueName":"search_term_string"}}],"inLanguage":"es"}]}},"_links":{"self":[{"href":"https:\/\/akam.com\/es\/wp-json\/wp\/v2\/pages\/778","targetHints":{"allow":["GET"]}}],"collection":[{"href":"https:\/\/akam.com\/es\/wp-json\/wp\/v2\/pages"}],"about":[{"href":"https:\/\/akam.com\/es\/wp-json\/wp\/v2\/types\/page"}],"author":[{"embeddable":true,"href":"https:\/\/akam.com\/es\/wp-json\/wp\/v2\/users\/1"}],"replies":[{"embeddable":true,"href":"https:\/\/akam.com\/es\/wp-json\/wp\/v2\/comments?post=778"}],"version-history":[{"count":16,"href":"https:\/\/akam.com\/es\/wp-json\/wp\/v2\/pages\/778\/revisions"}],"predecessor-version":[{"id":1986,"href":"https:\/\/akam.com\/es\/wp-json\/wp\/v2\/pages\/778\/revisions\/1986"}],"up":[{"embeddable":true,"href":"https:\/\/akam.com\/es\/wp-json\/wp\/v2\/pages\/207"}],"wp:attachment":[{"href":"https:\/\/akam.com\/es\/wp-json\/wp\/v2\/media?parent=778"}],"curies":[{"name":"wp","href":"https:\/\/api.w.org\/{rel}","templated":true}]}}