{"id":68,"date":"2024-04-17T17:30:01","date_gmt":"2024-04-17T17:30:01","guid":{"rendered":"https:\/\/thriveencode.com\/projects\/akam\/?page_id=68"},"modified":"2026-03-24T12:03:55","modified_gmt":"2026-03-24T16:03:55","slug":"careers","status":"publish","type":"page","link":"https:\/\/akam.com\/es\/careers\/","title":{"rendered":"Carreras"},"content":{"rendered":"<p>En esencia, AKAM no es s\u00f3lo una empresa; es un colectivo de los profesionales m\u00e1s experimentados, perspicaces, proactivos y comprometidos de la industria. Hemos construido nuestro nombre siendo r\u00e1pidos y listos para cualquier cosa, estando siempre un paso por delante para brindarles a nuestros clientes lo que necesitan antes de que tengan que preguntar. Junto con nuestras herramientas innovadoras y soluciones integrales, garantizamos tranquilidad en las m\u00faltiples facetas de la administraci\u00f3n de propiedades.<\/p>\n\n\n\n<p><\/p>","protected":false},"excerpt":{"rendered":"<p>En esencia, AKAM no es solo una empresa; es un colectivo de los profesionales m\u00e1s experimentados, perspicaces, proactivos y comprometidos de la industria. Hemos construido nuestro nombre siendo r\u00e1pidos y estando listos para cualquier cosa, siempre estando un paso adelante para brindarles a nuestros clientes lo que necesitan incluso antes de que tengan que\u2026 <a class=\"more-link\" href=\"https:\/\/akam.com\/es\/careers\/\">seguir leyendo <span class=\"screen-reader-text\">Carreras<\/span><\/a><\/p>","protected":false},"author":1,"featured_media":0,"parent":0,"menu_order":0,"comment_status":"closed","ping_status":"closed","template":"templates\/template.careers.php","meta":{"_acf_changed":false,"inline_featured_image":false,"footnotes":""},"class_list":["post-68","page","type-page","status-publish","hentry","entry"],"acf":[],"yoast_head":"<!-- This site is optimized with the Yoast SEO plugin v27.3 - https:\/\/yoast.com\/product\/yoast-seo-wordpress\/ -->\r\n<title>Careers - AKAM<\/title>\r\n<meta name=\"description\" content=\"Join the AKAM team and grow your career with a leading property management company. Explore our current job openings and apply today for exciting opportunities.\" \/>\r\n<meta name=\"robots\" content=\"index, follow, max-snippet:-1, max-image-preview:large, max-video-preview:-1\" \/>\r\n<link rel=\"canonical\" href=\"https:\/\/akam.com\/es\/careers\/\" \/>\r\n<meta property=\"og:locale\" content=\"es_ES\" \/>\r\n<meta property=\"og:type\" content=\"article\" \/>\r\n<meta property=\"og:title\" content=\"Careers - AKAM\" \/>\r\n<meta property=\"og:description\" content=\"Join the AKAM team and grow your career with a leading property management company. Explore our current job openings and apply today for exciting opportunities.\" \/>\r\n<meta property=\"og:url\" content=\"https:\/\/akam.com\/es\/careers\/\" \/>\r\n<meta property=\"og:site_name\" content=\"AKAM\" \/>\r\n<meta property=\"article:modified_time\" content=\"2026-03-24T16:03:55+00:00\" \/>\r\n<meta property=\"og:image\" content=\"https:\/\/akam.com\/website\/wp-content\/uploads\/2024\/07\/AKAM-Preview-Image.jpg\" \/>\r\n\t<meta property=\"og:image:width\" content=\"812\" \/>\r\n\t<meta property=\"og:image:height\" content=\"600\" \/>\r\n\t<meta property=\"og:image:type\" content=\"image\/jpeg\" \/>\r\n<meta name=\"twitter:card\" content=\"summary_large_image\" \/>\r\n<meta name=\"twitter:label1\" content=\"Tiempo de lectura\" \/>\n\t<meta name=\"twitter:data1\" content=\"1 minuto\" \/>\r\n<script type=\"application\/ld+json\" class=\"yoast-schema-graph\">{\"@context\":\"https:\\\/\\\/schema.org\",\"@graph\":[{\"@type\":\"WebPage\",\"@id\":\"https:\\\/\\\/akam.com\\\/careers\\\/\",\"url\":\"https:\\\/\\\/akam.com\\\/careers\\\/\",\"name\":\"Careers - AKAM\",\"isPartOf\":{\"@id\":\"https:\\\/\\\/akam.com\\\/#website\"},\"datePublished\":\"2024-04-17T17:30:01+00:00\",\"dateModified\":\"2026-03-24T16:03:55+00:00\",\"description\":\"Join the AKAM team and grow your career with a leading property management company. Explore our current job openings and apply today for exciting opportunities.\",\"breadcrumb\":{\"@id\":\"https:\\\/\\\/akam.com\\\/careers\\\/#breadcrumb\"},\"inLanguage\":\"es\",\"potentialAction\":[{\"@type\":\"ReadAction\",\"target\":[\"https:\\\/\\\/akam.com\\\/careers\\\/\"]}]},{\"@type\":\"BreadcrumbList\",\"@id\":\"https:\\\/\\\/akam.com\\\/careers\\\/#breadcrumb\",\"itemListElement\":[{\"@type\":\"ListItem\",\"position\":1,\"name\":\"Home\",\"item\":\"https:\\\/\\\/akam.com\\\/\"},{\"@type\":\"ListItem\",\"position\":2,\"name\":\"Careers\"}]},{\"@type\":\"WebSite\",\"@id\":\"https:\\\/\\\/akam.com\\\/#website\",\"url\":\"https:\\\/\\\/akam.com\\\/\",\"name\":\"AKAM\",\"description\":\"Discover AKAM, the best property management company offering comprehensive services for residential and commercial properties. Contact us today.\",\"potentialAction\":[{\"@type\":\"SearchAction\",\"target\":{\"@type\":\"EntryPoint\",\"urlTemplate\":\"https:\\\/\\\/akam.com\\\/?s={search_term_string}\"},\"query-input\":{\"@type\":\"PropertyValueSpecification\",\"valueRequired\":true,\"valueName\":\"search_term_string\"}}],\"inLanguage\":\"es\"}]}<\/script>\r\n<!-- \/ Yoast SEO plugin. -->","yoast_head_json":{"title":"Careers - AKAM","description":"Join the AKAM team and grow your career with a leading property management company. Explore our current job openings and apply today for exciting opportunities.","robots":{"index":"index","follow":"follow","max-snippet":"max-snippet:-1","max-image-preview":"max-image-preview:large","max-video-preview":"max-video-preview:-1"},"canonical":"https:\/\/akam.com\/es\/careers\/","og_locale":"es_ES","og_type":"article","og_title":"Careers - AKAM","og_description":"Join the AKAM team and grow your career with a leading property management company. Explore our current job openings and apply today for exciting opportunities.","og_url":"https:\/\/akam.com\/es\/careers\/","og_site_name":"AKAM","article_modified_time":"2026-03-24T16:03:55+00:00","og_image":[{"width":812,"height":600,"url":"https:\/\/akam.com\/website\/wp-content\/uploads\/2024\/07\/AKAM-Preview-Image.jpg","type":"image\/jpeg"}],"twitter_card":"summary_large_image","twitter_misc":{"Tiempo de lectura":"1 minuto"},"schema":{"@context":"https:\/\/schema.org","@graph":[{"@type":"WebPage","@id":"https:\/\/akam.com\/careers\/","url":"https:\/\/akam.com\/careers\/","name":"Careers - AKAM","isPartOf":{"@id":"https:\/\/akam.com\/#website"},"datePublished":"2024-04-17T17:30:01+00:00","dateModified":"2026-03-24T16:03:55+00:00","description":"Join the AKAM team and grow your career with a leading property management company. Explore our current job openings and apply today for exciting opportunities.","breadcrumb":{"@id":"https:\/\/akam.com\/careers\/#breadcrumb"},"inLanguage":"es","potentialAction":[{"@type":"ReadAction","target":["https:\/\/akam.com\/careers\/"]}]},{"@type":"BreadcrumbList","@id":"https:\/\/akam.com\/careers\/#breadcrumb","itemListElement":[{"@type":"ListItem","position":1,"name":"Home","item":"https:\/\/akam.com\/"},{"@type":"ListItem","position":2,"name":"Careers"}]},{"@type":"WebSite","@id":"https:\/\/akam.com\/#website","url":"https:\/\/akam.com\/","name":"AKAM","description":"Discover AKAM, the best property management company offering comprehensive services for residential and commercial properties. Contact us today.","potentialAction":[{"@type":"SearchAction","target":{"@type":"EntryPoint","urlTemplate":"https:\/\/akam.com\/?s={search_term_string}"},"query-input":{"@type":"PropertyValueSpecification","valueRequired":true,"valueName":"search_term_string"}}],"inLanguage":"es"}]}},"_links":{"self":[{"href":"https:\/\/akam.com\/es\/wp-json\/wp\/v2\/pages\/68","targetHints":{"allow":["GET"]}}],"collection":[{"href":"https:\/\/akam.com\/es\/wp-json\/wp\/v2\/pages"}],"about":[{"href":"https:\/\/akam.com\/es\/wp-json\/wp\/v2\/types\/page"}],"author":[{"embeddable":true,"href":"https:\/\/akam.com\/es\/wp-json\/wp\/v2\/users\/1"}],"replies":[{"embeddable":true,"href":"https:\/\/akam.com\/es\/wp-json\/wp\/v2\/comments?post=68"}],"version-history":[{"count":25,"href":"https:\/\/akam.com\/es\/wp-json\/wp\/v2\/pages\/68\/revisions"}],"predecessor-version":[{"id":2683,"href":"https:\/\/akam.com\/es\/wp-json\/wp\/v2\/pages\/68\/revisions\/2683"}],"wp:attachment":[{"href":"https:\/\/akam.com\/es\/wp-json\/wp\/v2\/media?parent=68"}],"curies":[{"name":"wp","href":"https:\/\/api.w.org\/{rel}","templated":true}]}}