{"id":66,"date":"2024-04-17T17:29:48","date_gmt":"2024-04-17T17:29:48","guid":{"rendered":"https:\/\/thriveencode.com\/projects\/akam\/?page_id=66"},"modified":"2026-03-25T16:41:48","modified_gmt":"2026-03-25T20:41:48","slug":"new-york-city","status":"publish","type":"page","link":"https:\/\/akam.com\/es\/new-york-city\/","title":{"rendered":"Ciudad de Nueva York"},"content":{"rendered":"<h2 class=\"wp-block-heading has-text-align-center\" id=\"h-welcome-to-akam\">Bienvenido a AKAM<\/h2>\n\n\n\n<p class=\"has-text-align-center\">Redefinimos la administraci\u00f3n de propiedades combinando un servicio de primer nivel y herramientas innovadoras con nuestra exclusiva <a href=\"\/es\/about-us\/\">\u201cInteligencia Residencial\u201d (ResIQ)<\/a> filosof\u00eda empresarial, transformando edificios en comunidades vibrantes. Gracias a la dedicaci\u00f3n de nuestro experimentado equipo de profesionales y nuestro conjunto de soluciones integrales, brindamos tranquilidad en todas las facetas de la administraci\u00f3n de propiedades.<\/p>","protected":false},"excerpt":{"rendered":"<p>Bienvenidos a AKAM Redefinimos la gesti\u00f3n de propiedades combinando un servicio de primera categor\u00eda y herramientas innovadoras con nuestra filosof\u00eda empresarial \u00fanica de \u201cInteligencia residencial\u201d (ResIQ), transformando los edificios en comunidades vibrantes. A trav\u00e9s de la dedicaci\u00f3n de nuestro experimentado equipo de profesionales y nuestro conjunto de soluciones integrales, brindamos tranquilidad en cada faceta de la gesti\u00f3n de propiedades.<\/p>","protected":false},"author":1,"featured_media":0,"parent":0,"menu_order":0,"comment_status":"closed","ping_status":"closed","template":"templates\/template.location.php","meta":{"_acf_changed":false,"inline_featured_image":false,"footnotes":""},"class_list":["post-66","page","type-page","status-publish","hentry","entry"],"acf":[],"yoast_head":"<!-- This site is optimized with the Yoast SEO plugin v27.4 - https:\/\/yoast.com\/product\/yoast-seo-wordpress\/ -->\r\n<title>New York City - AKAM<\/title>\r\n<meta name=\"description\" content=\"Experience top-rated property management in New York with AKAM. We provide comprehensive services for residential and commercial properties. Contact us today.\" \/>\r\n<meta name=\"robots\" content=\"index, follow, max-snippet:-1, max-image-preview:large, max-video-preview:-1\" \/>\r\n<link rel=\"canonical\" href=\"https:\/\/akam.com\/es\/new-york-city\/\" \/>\r\n<meta property=\"og:locale\" content=\"es_ES\" \/>\r\n<meta property=\"og:type\" content=\"article\" \/>\r\n<meta property=\"og:title\" content=\"New York City - AKAM\" \/>\r\n<meta property=\"og:description\" content=\"Experience top-rated property management in New York with AKAM. We provide comprehensive services for residential and commercial properties. Contact us today.\" \/>\r\n<meta property=\"og:url\" content=\"https:\/\/akam.com\/es\/new-york-city\/\" \/>\r\n<meta property=\"og:site_name\" content=\"AKAM\" \/>\r\n<meta property=\"article:modified_time\" content=\"2026-03-25T20:41:48+00:00\" \/>\r\n<meta property=\"og:image\" content=\"https:\/\/akam.com\/website\/wp-content\/uploads\/2024\/07\/AKAM-Preview-Image.jpg\" \/>\r\n\t<meta property=\"og:image:width\" content=\"812\" \/>\r\n\t<meta property=\"og:image:height\" content=\"600\" \/>\r\n\t<meta property=\"og:image:type\" content=\"image\/jpeg\" \/>\r\n<meta name=\"twitter:card\" content=\"summary_large_image\" \/>\r\n<meta name=\"twitter:label1\" content=\"Tiempo de lectura\" \/>\n\t<meta name=\"twitter:data1\" content=\"1 minuto\" \/>\r\n<script type=\"application\/ld+json\" class=\"yoast-schema-graph\">{\"@context\":\"https:\\\/\\\/schema.org\",\"@graph\":[{\"@type\":\"WebPage\",\"@id\":\"https:\\\/\\\/akam.com\\\/new-york-city\\\/\",\"url\":\"https:\\\/\\\/akam.com\\\/new-york-city\\\/\",\"name\":\"New York City - AKAM\",\"isPartOf\":{\"@id\":\"https:\\\/\\\/akam.com\\\/#website\"},\"datePublished\":\"2024-04-17T17:29:48+00:00\",\"dateModified\":\"2026-03-25T20:41:48+00:00\",\"description\":\"Experience top-rated property management in New York with AKAM. We provide comprehensive services for residential and commercial properties. Contact us today.\",\"breadcrumb\":{\"@id\":\"https:\\\/\\\/akam.com\\\/new-york-city\\\/#breadcrumb\"},\"inLanguage\":\"es\",\"potentialAction\":[{\"@type\":\"ReadAction\",\"target\":[\"https:\\\/\\\/akam.com\\\/new-york-city\\\/\"]}]},{\"@type\":\"BreadcrumbList\",\"@id\":\"https:\\\/\\\/akam.com\\\/new-york-city\\\/#breadcrumb\",\"itemListElement\":[{\"@type\":\"ListItem\",\"position\":1,\"name\":\"Home\",\"item\":\"https:\\\/\\\/akam.com\\\/\"},{\"@type\":\"ListItem\",\"position\":2,\"name\":\"New York City\"}]},{\"@type\":\"WebSite\",\"@id\":\"https:\\\/\\\/akam.com\\\/#website\",\"url\":\"https:\\\/\\\/akam.com\\\/\",\"name\":\"AKAM\",\"description\":\"Discover AKAM, the best property management company offering comprehensive services for residential and commercial properties. Contact us today.\",\"potentialAction\":[{\"@type\":\"SearchAction\",\"target\":{\"@type\":\"EntryPoint\",\"urlTemplate\":\"https:\\\/\\\/akam.com\\\/?s={search_term_string}\"},\"query-input\":{\"@type\":\"PropertyValueSpecification\",\"valueRequired\":true,\"valueName\":\"search_term_string\"}}],\"inLanguage\":\"es\"}]}<\/script>\r\n<!-- \/ Yoast SEO plugin. -->","yoast_head_json":{"title":"New York City - AKAM","description":"Experience top-rated property management in New York with AKAM. We provide comprehensive services for residential and commercial properties. Contact us today.","robots":{"index":"index","follow":"follow","max-snippet":"max-snippet:-1","max-image-preview":"max-image-preview:large","max-video-preview":"max-video-preview:-1"},"canonical":"https:\/\/akam.com\/es\/new-york-city\/","og_locale":"es_ES","og_type":"article","og_title":"New York City - AKAM","og_description":"Experience top-rated property management in New York with AKAM. We provide comprehensive services for residential and commercial properties. Contact us today.","og_url":"https:\/\/akam.com\/es\/new-york-city\/","og_site_name":"AKAM","article_modified_time":"2026-03-25T20:41:48+00:00","og_image":[{"width":812,"height":600,"url":"https:\/\/akam.com\/website\/wp-content\/uploads\/2024\/07\/AKAM-Preview-Image.jpg","type":"image\/jpeg"}],"twitter_card":"summary_large_image","twitter_misc":{"Tiempo de lectura":"1 minuto"},"schema":{"@context":"https:\/\/schema.org","@graph":[{"@type":"WebPage","@id":"https:\/\/akam.com\/new-york-city\/","url":"https:\/\/akam.com\/new-york-city\/","name":"New York City - AKAM","isPartOf":{"@id":"https:\/\/akam.com\/#website"},"datePublished":"2024-04-17T17:29:48+00:00","dateModified":"2026-03-25T20:41:48+00:00","description":"Experience top-rated property management in New York with AKAM. We provide comprehensive services for residential and commercial properties. Contact us today.","breadcrumb":{"@id":"https:\/\/akam.com\/new-york-city\/#breadcrumb"},"inLanguage":"es","potentialAction":[{"@type":"ReadAction","target":["https:\/\/akam.com\/new-york-city\/"]}]},{"@type":"BreadcrumbList","@id":"https:\/\/akam.com\/new-york-city\/#breadcrumb","itemListElement":[{"@type":"ListItem","position":1,"name":"Home","item":"https:\/\/akam.com\/"},{"@type":"ListItem","position":2,"name":"New York City"}]},{"@type":"WebSite","@id":"https:\/\/akam.com\/#website","url":"https:\/\/akam.com\/","name":"AKAM","description":"Discover AKAM, the best property management company offering comprehensive services for residential and commercial properties. Contact us today.","potentialAction":[{"@type":"SearchAction","target":{"@type":"EntryPoint","urlTemplate":"https:\/\/akam.com\/?s={search_term_string}"},"query-input":{"@type":"PropertyValueSpecification","valueRequired":true,"valueName":"search_term_string"}}],"inLanguage":"es"}]}},"_links":{"self":[{"href":"https:\/\/akam.com\/es\/wp-json\/wp\/v2\/pages\/66","targetHints":{"allow":["GET"]}}],"collection":[{"href":"https:\/\/akam.com\/es\/wp-json\/wp\/v2\/pages"}],"about":[{"href":"https:\/\/akam.com\/es\/wp-json\/wp\/v2\/types\/page"}],"author":[{"embeddable":true,"href":"https:\/\/akam.com\/es\/wp-json\/wp\/v2\/users\/1"}],"replies":[{"embeddable":true,"href":"https:\/\/akam.com\/es\/wp-json\/wp\/v2\/comments?post=66"}],"version-history":[{"count":45,"href":"https:\/\/akam.com\/es\/wp-json\/wp\/v2\/pages\/66\/revisions"}],"predecessor-version":[{"id":2684,"href":"https:\/\/akam.com\/es\/wp-json\/wp\/v2\/pages\/66\/revisions\/2684"}],"wp:attachment":[{"href":"https:\/\/akam.com\/es\/wp-json\/wp\/v2\/media?parent=66"}],"curies":[{"name":"wp","href":"https:\/\/api.w.org\/{rel}","templated":true}]}}