{"id":429,"date":"2024-04-19T08:10:30","date_gmt":"2024-04-19T08:10:30","guid":{"rendered":"https:\/\/thriveencode.com\/projects\/akam\/?page_id=429"},"modified":"2024-07-18T11:53:44","modified_gmt":"2024-07-18T15:53:44","slug":"case-studies","status":"publish","type":"page","link":"https:\/\/akam.com\/es\/services\/insurance-risk-management\/case-studies\/","title":{"rendered":"Casos pr\u00e1cticos Servicios de seguros y gesti\u00f3n de riesgos"},"content":{"rendered":"<h2 class=\"wp-block-heading\">Servicios de gesti\u00f3n de riesgos y seguros de AKAM<br><br><\/h2>\n\n\n\n<h3 class=\"wp-block-heading\">Cooperativa de 522 unidades en Queens<\/h3>\n\n\n\n<p><strong>Antes:<\/strong> El cliente estaba pagando una prima de renovaci\u00f3n de $653,000 con una cobertura general de $140 millones.<br><br><strong>Despu\u00e9s:<\/strong> Despu\u00e9s de un proceso de licitaci\u00f3n competitivo, AKAM pudo ahorrar $155,000 por a\u00f1o para el cliente con una cobertura global revisada de $100 millones, a\u00fan suficiente para las necesidades del edificio.<\/p>\n\n\n\n<div class=\"divider\"><\/div>\n\n\n\n<h3 class=\"wp-block-heading\">Cooperativa de 94 unidades en el Upper West Side<\/h3>\n\n\n\n<p><strong>Antes:<\/strong> El cliente estaba pagando $20,000 por una p\u00f3liza general de $5 millones.<br><br><strong>Despu\u00e9s:<\/strong> AKAM pudo <strong>reducir la prima global del cliente a $12,531 (ahorr\u00e1ndole al cliente aproximadamente $8,000 por a\u00f1o)<\/strong> para la misma cobertura. El cliente utiliz\u00f3 los ahorros para comprar $5 millones adicionales en cobertura, mejorando de manera efectiva su cobertura total de responsabilidad civil.<\/p>\n\n\n\n<div class=\"divider\"><\/div>\n\n\n\n<h3 class=\"wp-block-heading\">Condominio de 20 unidades en Long Island City (construido en 2021)<\/h3>\n\n\n\n<p><strong>Antes:<\/strong> El cliente estaba bajo el corredor del patrocinador sin cobertura general, D&amp;O o contra delitos.<br><br><strong>Despu\u00e9s:<\/strong> Con la transici\u00f3n al control de la junta, AKAM facilit\u00f3 la adici\u00f3n de coberturas esenciales, garantizando una protecci\u00f3n integral y una mejor capacidad de respuesta del servicio.<\/p>\n\n\n\n<div class=\"divider\"><\/div>\n\n\n\n<h3 class=\"wp-block-heading\">Cooperativa de 106 unidades en el Upper West Side<\/h3>\n\n\n\n<p><strong>Antes:<\/strong> El cliente encontr\u00f3 limitaciones en su p\u00f3liza general, incluidas exclusiones para reclamaciones de derecho laboral y agresi\u00f3n, lo que disminuy\u00f3 su l\u00edmite de responsabilidad.<br><br><strong>Despu\u00e9s:<\/strong> AKAM identific\u00f3 y rectific\u00f3 las brechas de cobertura, asegurando una p\u00f3liza m\u00e1s inclusiva y rentable que mejor\u00f3 significativamente la cobertura del cliente, sin aumentar los costos.<\/p>\n\n\n\n<div class=\"divider\"><\/div>","protected":false},"excerpt":{"rendered":"<p>AKAM Insurance &amp; Risk Management Services Cooperativa de 522 unidades en Queens Antes: El cliente pagaba una prima de renovaci\u00f3n de $653,000 con una cobertura general de $140 millones. Despu\u00e9s: Despu\u00e9s de un proceso de licitaci\u00f3n competitivo, AKAM pudo ahorrar $155,000 por a\u00f1o para el cliente con una cobertura general revisada de $100 millones, a\u00fan suficiente para las necesidades del edificio. 94 unidades\u2026 <a class=\"more-link\" href=\"https:\/\/akam.com\/es\/services\/insurance-risk-management\/case-studies\/\">seguir leyendo <span class=\"screen-reader-text\">Casos pr\u00e1cticos Servicios de seguros y gesti\u00f3n de riesgos<\/span><\/a><\/p>","protected":false},"author":1,"featured_media":0,"parent":267,"menu_order":0,"comment_status":"closed","ping_status":"closed","template":"templates\/template.case-studies.php","meta":{"_acf_changed":false,"inline_featured_image":false,"footnotes":""},"class_list":["post-429","page","type-page","status-publish","hentry","entry"],"acf":[],"yoast_head":"<!-- This site is optimized with the Yoast SEO plugin v27.4 - https:\/\/yoast.com\/product\/yoast-seo-wordpress\/ -->\r\n<title>Case Studies Insurance &amp; Risk Management Services - AKAM<\/title>\r\n<meta name=\"description\" content=\"Learn how AKAM&#039;s insurance and risk management services protected a client&#039;s property and minimized risks. Read our case study for a comprehensive overview.\" \/>\r\n<meta name=\"robots\" content=\"index, follow, max-snippet:-1, max-image-preview:large, max-video-preview:-1\" \/>\r\n<link rel=\"canonical\" href=\"https:\/\/akam.com\/es\/services\/insurance-risk-management\/case-studies\/\" \/>\r\n<meta property=\"og:locale\" content=\"es_ES\" \/>\r\n<meta property=\"og:type\" content=\"article\" \/>\r\n<meta property=\"og:title\" content=\"Case Studies Insurance &amp; Risk Management Services - AKAM\" \/>\r\n<meta property=\"og:description\" content=\"Learn how AKAM&#039;s insurance and risk management services protected a client&#039;s property and minimized risks. Read our case study for a comprehensive overview.\" \/>\r\n<meta property=\"og:url\" content=\"https:\/\/akam.com\/es\/services\/insurance-risk-management\/case-studies\/\" \/>\r\n<meta property=\"og:site_name\" content=\"AKAM\" \/>\r\n<meta property=\"article:modified_time\" content=\"2024-07-18T15:53:44+00:00\" \/>\r\n<meta property=\"og:image\" content=\"https:\/\/akam.com\/website\/wp-content\/uploads\/2024\/07\/AKAM-Preview-Image.jpg\" \/>\r\n\t<meta property=\"og:image:width\" content=\"812\" \/>\r\n\t<meta property=\"og:image:height\" content=\"600\" \/>\r\n\t<meta property=\"og:image:type\" content=\"image\/jpeg\" \/>\r\n<meta name=\"twitter:card\" content=\"summary_large_image\" \/>\r\n<meta name=\"twitter:label1\" content=\"Tiempo de lectura\" \/>\n\t<meta name=\"twitter:data1\" content=\"1 minuto\" \/>\r\n<script type=\"application\/ld+json\" class=\"yoast-schema-graph\">{\"@context\":\"https:\\\/\\\/schema.org\",\"@graph\":[{\"@type\":\"WebPage\",\"@id\":\"https:\\\/\\\/akam.com\\\/services\\\/insurance-risk-management\\\/case-studies\\\/\",\"url\":\"https:\\\/\\\/akam.com\\\/services\\\/insurance-risk-management\\\/case-studies\\\/\",\"name\":\"Case Studies Insurance &amp; Risk Management Services - AKAM\",\"isPartOf\":{\"@id\":\"https:\\\/\\\/akam.com\\\/#website\"},\"datePublished\":\"2024-04-19T08:10:30+00:00\",\"dateModified\":\"2024-07-18T15:53:44+00:00\",\"description\":\"Learn how AKAM's insurance and risk management services protected a client's property and minimized risks. Read our case study for a comprehensive overview.\",\"breadcrumb\":{\"@id\":\"https:\\\/\\\/akam.com\\\/services\\\/insurance-risk-management\\\/case-studies\\\/#breadcrumb\"},\"inLanguage\":\"es\",\"potentialAction\":[{\"@type\":\"ReadAction\",\"target\":[\"https:\\\/\\\/akam.com\\\/services\\\/insurance-risk-management\\\/case-studies\\\/\"]}]},{\"@type\":\"BreadcrumbList\",\"@id\":\"https:\\\/\\\/akam.com\\\/services\\\/insurance-risk-management\\\/case-studies\\\/#breadcrumb\",\"itemListElement\":[{\"@type\":\"ListItem\",\"position\":1,\"name\":\"Home\",\"item\":\"https:\\\/\\\/akam.com\\\/\"},{\"@type\":\"ListItem\",\"position\":2,\"name\":\"Services\",\"item\":\"https:\\\/\\\/akam.com\\\/services\\\/\"},{\"@type\":\"ListItem\",\"position\":3,\"name\":\"Insurance &amp; Risk Management\",\"item\":\"https:\\\/\\\/akam.com\\\/services\\\/insurance-risk-management\\\/\"},{\"@type\":\"ListItem\",\"position\":4,\"name\":\"Case Studies Insurance &amp; Risk Management Services\"}]},{\"@type\":\"WebSite\",\"@id\":\"https:\\\/\\\/akam.com\\\/#website\",\"url\":\"https:\\\/\\\/akam.com\\\/\",\"name\":\"AKAM\",\"description\":\"Discover AKAM, the best property management company offering comprehensive services for residential and commercial properties. Contact us today.\",\"potentialAction\":[{\"@type\":\"SearchAction\",\"target\":{\"@type\":\"EntryPoint\",\"urlTemplate\":\"https:\\\/\\\/akam.com\\\/?s={search_term_string}\"},\"query-input\":{\"@type\":\"PropertyValueSpecification\",\"valueRequired\":true,\"valueName\":\"search_term_string\"}}],\"inLanguage\":\"es\"}]}<\/script>\r\n<!-- \/ Yoast SEO plugin. -->","yoast_head_json":{"title":"Case Studies Insurance &amp; Risk Management Services - AKAM","description":"Learn how AKAM's insurance and risk management services protected a client's property and minimized risks. Read our case study for a comprehensive overview.","robots":{"index":"index","follow":"follow","max-snippet":"max-snippet:-1","max-image-preview":"max-image-preview:large","max-video-preview":"max-video-preview:-1"},"canonical":"https:\/\/akam.com\/es\/services\/insurance-risk-management\/case-studies\/","og_locale":"es_ES","og_type":"article","og_title":"Case Studies Insurance &amp; Risk Management Services - AKAM","og_description":"Learn how AKAM's insurance and risk management services protected a client's property and minimized risks. Read our case study for a comprehensive overview.","og_url":"https:\/\/akam.com\/es\/services\/insurance-risk-management\/case-studies\/","og_site_name":"AKAM","article_modified_time":"2024-07-18T15:53:44+00:00","og_image":[{"width":812,"height":600,"url":"https:\/\/akam.com\/website\/wp-content\/uploads\/2024\/07\/AKAM-Preview-Image.jpg","type":"image\/jpeg"}],"twitter_card":"summary_large_image","twitter_misc":{"Tiempo de lectura":"1 minuto"},"schema":{"@context":"https:\/\/schema.org","@graph":[{"@type":"WebPage","@id":"https:\/\/akam.com\/services\/insurance-risk-management\/case-studies\/","url":"https:\/\/akam.com\/services\/insurance-risk-management\/case-studies\/","name":"Case Studies Insurance &amp; Risk Management Services - AKAM","isPartOf":{"@id":"https:\/\/akam.com\/#website"},"datePublished":"2024-04-19T08:10:30+00:00","dateModified":"2024-07-18T15:53:44+00:00","description":"Learn how AKAM's insurance and risk management services protected a client's property and minimized risks. Read our case study for a comprehensive overview.","breadcrumb":{"@id":"https:\/\/akam.com\/services\/insurance-risk-management\/case-studies\/#breadcrumb"},"inLanguage":"es","potentialAction":[{"@type":"ReadAction","target":["https:\/\/akam.com\/services\/insurance-risk-management\/case-studies\/"]}]},{"@type":"BreadcrumbList","@id":"https:\/\/akam.com\/services\/insurance-risk-management\/case-studies\/#breadcrumb","itemListElement":[{"@type":"ListItem","position":1,"name":"Home","item":"https:\/\/akam.com\/"},{"@type":"ListItem","position":2,"name":"Services","item":"https:\/\/akam.com\/services\/"},{"@type":"ListItem","position":3,"name":"Insurance &amp; Risk Management","item":"https:\/\/akam.com\/services\/insurance-risk-management\/"},{"@type":"ListItem","position":4,"name":"Case Studies Insurance &amp; Risk Management Services"}]},{"@type":"WebSite","@id":"https:\/\/akam.com\/#website","url":"https:\/\/akam.com\/","name":"AKAM","description":"Discover AKAM, the best property management company offering comprehensive services for residential and commercial properties. Contact us today.","potentialAction":[{"@type":"SearchAction","target":{"@type":"EntryPoint","urlTemplate":"https:\/\/akam.com\/?s={search_term_string}"},"query-input":{"@type":"PropertyValueSpecification","valueRequired":true,"valueName":"search_term_string"}}],"inLanguage":"es"}]}},"_links":{"self":[{"href":"https:\/\/akam.com\/es\/wp-json\/wp\/v2\/pages\/429","targetHints":{"allow":["GET"]}}],"collection":[{"href":"https:\/\/akam.com\/es\/wp-json\/wp\/v2\/pages"}],"about":[{"href":"https:\/\/akam.com\/es\/wp-json\/wp\/v2\/types\/page"}],"author":[{"embeddable":true,"href":"https:\/\/akam.com\/es\/wp-json\/wp\/v2\/users\/1"}],"replies":[{"embeddable":true,"href":"https:\/\/akam.com\/es\/wp-json\/wp\/v2\/comments?post=429"}],"version-history":[{"count":16,"href":"https:\/\/akam.com\/es\/wp-json\/wp\/v2\/pages\/429\/revisions"}],"predecessor-version":[{"id":955,"href":"https:\/\/akam.com\/es\/wp-json\/wp\/v2\/pages\/429\/revisions\/955"}],"up":[{"embeddable":true,"href":"https:\/\/akam.com\/es\/wp-json\/wp\/v2\/pages\/267"}],"wp:attachment":[{"href":"https:\/\/akam.com\/es\/wp-json\/wp\/v2\/media?parent=429"}],"curies":[{"name":"wp","href":"https:\/\/api.w.org\/{rel}","templated":true}]}}