{"id":413,"date":"2024-04-19T07:33:50","date_gmt":"2024-04-19T07:33:50","guid":{"rendered":"https:\/\/thriveencode.com\/projects\/akam\/?page_id=413"},"modified":"2024-07-18T11:52:26","modified_gmt":"2024-07-18T15:52:26","slug":"case-studies","status":"publish","type":"page","link":"https:\/\/akam.com\/es\/services\/energy-services\/case-studies\/","title":{"rendered":"Casos de proyectos"},"content":{"rendered":"<h2 class=\"wp-block-heading\">Ahorros en contratos ESCO<\/h2>\n\n\n\n<h4 class=\"wp-block-heading\">Transformando la gesti\u00f3n de servicios p\u00fablicos<\/h4>\n\n\n\n<h3 class=\"wp-block-heading\">Cooperativa del Upper East Side de 123 unidades<\/h3>\n\n\n\n<p>Ahorro de gas: <strong>$430,578<\/strong> (4\/30\/2017 &#8211; 1\/24\/2024)<\/p>\n\n\n\n<h3 class=\"wp-block-heading\">Cooperativa del Upper East Side de 140 unidades<\/h3>\n\n\n\n<p>Ahorro de gas: <strong>$132,519<\/strong> (3\/31\/2018 &#8211; 12\/14\/2023)<\/p>\n\n\n\n<h3 class=\"wp-block-heading\">Cooperativa de 238 unidades en el centro de Brooklyn<\/h3>\n\n\n\n<p>Ahorro de gas: El \u00faltimo contrato supuso un ahorro de <strong>$13,000<\/strong> (24%) durante un per\u00edodo de 12 meses<\/p>\n\n\n\n<h3 class=\"wp-block-heading\">Complejo de 1022 unidades en Brooklyn<\/h3>\n\n\n\n<p>Ahorro de gas: AKAM recientemente proporcion\u00f3 al cliente un ahorro acumulado hasta la fecha de casi $200,000 en los \u00faltimos m\u00e1s de 3 a\u00f1os.<\/p>\n\n\n\n<h3 class=\"wp-block-heading\">Cooperativa de 572 unidades en Brooklyn<\/h3>\n\n\n\n<p>Ahorro de gas: TV3 ahorr\u00f3 casi <strong>$100,000<\/strong> en los \u00faltimos 24 meses, frente a la tasa de suministro predeterminada de National Grid.<\/p>\n\n\n\n<div class=\"divider\"><\/div>\n\n\n\n<h2 class=\"wp-block-heading\">Reembolsos de impuestos y servicios p\u00fablicos<\/h2>\n\n\n\n<h4 class=\"wp-block-heading\">Desbloquear valor adicional<\/h4>\n\n\n\n<h3 class=\"wp-block-heading\">Cooperativa East Village de 172 unidades<\/h3>\n\n\n\n<p>Ajuste de kilovatios: <strong>$14,500<\/strong><\/p>\n\n\n\n<h3 class=\"wp-block-heading\">Condominio de m\u00e1s de 500 unidades en Midtown East<\/h3>\n\n\n\n<p>Reembolso de ESCO: <strong>$49,615<\/strong><\/p>\n\n\n\n<h3 class=\"wp-block-heading\">Condominio de 88 unidades en Westchester<\/h3>\n\n\n\n<p>Reembolso del impuesto sobre las ventas: <strong>$37,515<\/strong><\/p>\n\n\n\n<div class=\"divider\"><\/div>\n\n\n\n<h2 class=\"wp-block-heading\">Ajuste de clase de tarifa<\/h2>\n\n\n\n<h4 class=\"wp-block-heading\">Garantizar cargos justos<\/h4>\n\n\n\n<h3 class=\"wp-block-heading\">Condominio de 135 unidades en Brooklyn<\/h3>\n\n\n\n<p>En curso: Hasta la fecha, National Grid ha reembolsado <strong>$173,369<\/strong><\/p>\n\n\n\n<div class=\"divider\"><\/div>\n\n\n\n<h2 class=\"wp-block-heading\">Ajuste de lectura del medidor<\/h2>\n\n\n\n<h3 class=\"wp-block-heading\">Complejo de 1090 unidades en Brooklyn<\/h3>\n\n\n\n<p>AKAM encontr\u00f3 un problema en el intercambio posterior al medidor, donde el medidor se \u201creiniciaba\u201d y facturaba aproximadamente 10,000 unidades t\u00e9rmicas adicionales<br>Esto result\u00f3 en aproximadamente <strong>$10,000<\/strong> de cr\u00e9dito aplicado a la cuenta.<\/p>\n\n\n\n<div class=\"divider\"><\/div>","protected":false},"excerpt":{"rendered":"<p>Ahorros en contratos de ESCO que transforman la gesti\u00f3n de servicios p\u00fablicos Ahorros en gas en cooperativa de 123 unidades en Upper East Side: $430,578 (30\/4\/2017 \u2013 24\/1\/2024) Ahorros en gas en cooperativa de 140 unidades en Upper East Side: $132,519 (31\/3\/2018 \u2013 14\/12\/2023) Ahorros en gas en cooperativa de 238 unidades en el centro de Brooklyn: el \u00faltimo contrato ahorr\u00f3 $13,000 (24%) en un per\u00edodo de 12 meses Ahorros en gas en complejo de 1022 unidades en Brooklyn: AKAM proporcion\u00f3 recientemente un\u2026 <a class=\"more-link\" href=\"https:\/\/akam.com\/es\/services\/energy-services\/case-studies\/\">seguir leyendo <span class=\"screen-reader-text\">Casos de proyectos<\/span><\/a><\/p>","protected":false},"author":1,"featured_media":0,"parent":280,"menu_order":0,"comment_status":"closed","ping_status":"closed","template":"templates\/template.case-studies.php","meta":{"_acf_changed":false,"inline_featured_image":false,"footnotes":""},"class_list":["post-413","page","type-page","status-publish","hentry","entry"],"acf":[],"yoast_head":"<!-- This site is optimized with the Yoast SEO plugin v27.5 - https:\/\/yoast.com\/product\/yoast-seo-wordpress\/ -->\r\n<title>Case Studies - AKAM<\/title>\r\n<meta name=\"description\" content=\"Discover how AKAM&#039;s energy services transformed a property with improved efficiency and cost savings. Read our detailed case study for insights and results.\" \/>\r\n<meta name=\"robots\" content=\"index, follow, max-snippet:-1, max-image-preview:large, max-video-preview:-1\" \/>\r\n<link rel=\"canonical\" href=\"https:\/\/akam.com\/es\/services\/energy-services\/case-studies\/\" \/>\r\n<meta property=\"og:locale\" content=\"es_ES\" \/>\r\n<meta property=\"og:type\" content=\"article\" \/>\r\n<meta property=\"og:title\" content=\"Case Studies - AKAM\" \/>\r\n<meta property=\"og:description\" content=\"Discover how AKAM&#039;s energy services transformed a property with improved efficiency and cost savings. Read our detailed case study for insights and results.\" \/>\r\n<meta property=\"og:url\" content=\"https:\/\/akam.com\/es\/services\/energy-services\/case-studies\/\" \/>\r\n<meta property=\"og:site_name\" content=\"AKAM\" \/>\r\n<meta property=\"article:modified_time\" content=\"2024-07-18T15:52:26+00:00\" \/>\r\n<meta property=\"og:image\" content=\"https:\/\/akam.com\/website\/wp-content\/uploads\/2024\/07\/AKAM-Preview-Image.jpg\" \/>\r\n\t<meta property=\"og:image:width\" content=\"812\" \/>\r\n\t<meta property=\"og:image:height\" content=\"600\" \/>\r\n\t<meta property=\"og:image:type\" content=\"image\/jpeg\" \/>\r\n<meta name=\"twitter:card\" content=\"summary_large_image\" \/>\r\n<meta name=\"twitter:label1\" content=\"Tiempo de lectura\" \/>\n\t<meta name=\"twitter:data1\" content=\"1 minuto\" \/>\r\n<script type=\"application\/ld+json\" class=\"yoast-schema-graph\">{\"@context\":\"https:\\\/\\\/schema.org\",\"@graph\":[{\"@type\":\"WebPage\",\"@id\":\"https:\\\/\\\/akam.com\\\/services\\\/energy-services\\\/case-studies\\\/\",\"url\":\"https:\\\/\\\/akam.com\\\/services\\\/energy-services\\\/case-studies\\\/\",\"name\":\"Case Studies - AKAM\",\"isPartOf\":{\"@id\":\"https:\\\/\\\/akam.com\\\/#website\"},\"datePublished\":\"2024-04-19T07:33:50+00:00\",\"dateModified\":\"2024-07-18T15:52:26+00:00\",\"description\":\"Discover how AKAM's energy services transformed a property with improved efficiency and cost savings. Read our detailed case study for insights and results.\",\"breadcrumb\":{\"@id\":\"https:\\\/\\\/akam.com\\\/services\\\/energy-services\\\/case-studies\\\/#breadcrumb\"},\"inLanguage\":\"es\",\"potentialAction\":[{\"@type\":\"ReadAction\",\"target\":[\"https:\\\/\\\/akam.com\\\/services\\\/energy-services\\\/case-studies\\\/\"]}]},{\"@type\":\"BreadcrumbList\",\"@id\":\"https:\\\/\\\/akam.com\\\/services\\\/energy-services\\\/case-studies\\\/#breadcrumb\",\"itemListElement\":[{\"@type\":\"ListItem\",\"position\":1,\"name\":\"Home\",\"item\":\"https:\\\/\\\/akam.com\\\/\"},{\"@type\":\"ListItem\",\"position\":2,\"name\":\"Services\",\"item\":\"https:\\\/\\\/akam.com\\\/services\\\/\"},{\"@type\":\"ListItem\",\"position\":3,\"name\":\"Energy Management\",\"item\":\"https:\\\/\\\/akam.com\\\/services\\\/energy-services\\\/\"},{\"@type\":\"ListItem\",\"position\":4,\"name\":\"Case Studies\"}]},{\"@type\":\"WebSite\",\"@id\":\"https:\\\/\\\/akam.com\\\/#website\",\"url\":\"https:\\\/\\\/akam.com\\\/\",\"name\":\"AKAM\",\"description\":\"Discover AKAM, the best property management company offering comprehensive services for residential and commercial properties. Contact us today.\",\"potentialAction\":[{\"@type\":\"SearchAction\",\"target\":{\"@type\":\"EntryPoint\",\"urlTemplate\":\"https:\\\/\\\/akam.com\\\/?s={search_term_string}\"},\"query-input\":{\"@type\":\"PropertyValueSpecification\",\"valueRequired\":true,\"valueName\":\"search_term_string\"}}],\"inLanguage\":\"es\"}]}<\/script>\r\n<!-- \/ Yoast SEO plugin. -->","yoast_head_json":{"title":"Case Studies - AKAM","description":"Discover how AKAM's energy services transformed a property with improved efficiency and cost savings. Read our detailed case study for insights and results.","robots":{"index":"index","follow":"follow","max-snippet":"max-snippet:-1","max-image-preview":"max-image-preview:large","max-video-preview":"max-video-preview:-1"},"canonical":"https:\/\/akam.com\/es\/services\/energy-services\/case-studies\/","og_locale":"es_ES","og_type":"article","og_title":"Case Studies - AKAM","og_description":"Discover how AKAM's energy services transformed a property with improved efficiency and cost savings. Read our detailed case study for insights and results.","og_url":"https:\/\/akam.com\/es\/services\/energy-services\/case-studies\/","og_site_name":"AKAM","article_modified_time":"2024-07-18T15:52:26+00:00","og_image":[{"width":812,"height":600,"url":"https:\/\/akam.com\/website\/wp-content\/uploads\/2024\/07\/AKAM-Preview-Image.jpg","type":"image\/jpeg"}],"twitter_card":"summary_large_image","twitter_misc":{"Tiempo de lectura":"1 minuto"},"schema":{"@context":"https:\/\/schema.org","@graph":[{"@type":"WebPage","@id":"https:\/\/akam.com\/services\/energy-services\/case-studies\/","url":"https:\/\/akam.com\/services\/energy-services\/case-studies\/","name":"Case Studies - AKAM","isPartOf":{"@id":"https:\/\/akam.com\/#website"},"datePublished":"2024-04-19T07:33:50+00:00","dateModified":"2024-07-18T15:52:26+00:00","description":"Discover how AKAM's energy services transformed a property with improved efficiency and cost savings. Read our detailed case study for insights and results.","breadcrumb":{"@id":"https:\/\/akam.com\/services\/energy-services\/case-studies\/#breadcrumb"},"inLanguage":"es","potentialAction":[{"@type":"ReadAction","target":["https:\/\/akam.com\/services\/energy-services\/case-studies\/"]}]},{"@type":"BreadcrumbList","@id":"https:\/\/akam.com\/services\/energy-services\/case-studies\/#breadcrumb","itemListElement":[{"@type":"ListItem","position":1,"name":"Home","item":"https:\/\/akam.com\/"},{"@type":"ListItem","position":2,"name":"Services","item":"https:\/\/akam.com\/services\/"},{"@type":"ListItem","position":3,"name":"Energy Management","item":"https:\/\/akam.com\/services\/energy-services\/"},{"@type":"ListItem","position":4,"name":"Case Studies"}]},{"@type":"WebSite","@id":"https:\/\/akam.com\/#website","url":"https:\/\/akam.com\/","name":"AKAM","description":"Discover AKAM, the best property management company offering comprehensive services for residential and commercial properties. Contact us today.","potentialAction":[{"@type":"SearchAction","target":{"@type":"EntryPoint","urlTemplate":"https:\/\/akam.com\/?s={search_term_string}"},"query-input":{"@type":"PropertyValueSpecification","valueRequired":true,"valueName":"search_term_string"}}],"inLanguage":"es"}]}},"_links":{"self":[{"href":"https:\/\/akam.com\/es\/wp-json\/wp\/v2\/pages\/413","targetHints":{"allow":["GET"]}}],"collection":[{"href":"https:\/\/akam.com\/es\/wp-json\/wp\/v2\/pages"}],"about":[{"href":"https:\/\/akam.com\/es\/wp-json\/wp\/v2\/types\/page"}],"author":[{"embeddable":true,"href":"https:\/\/akam.com\/es\/wp-json\/wp\/v2\/users\/1"}],"replies":[{"embeddable":true,"href":"https:\/\/akam.com\/es\/wp-json\/wp\/v2\/comments?post=413"}],"version-history":[{"count":15,"href":"https:\/\/akam.com\/es\/wp-json\/wp\/v2\/pages\/413\/revisions"}],"predecessor-version":[{"id":954,"href":"https:\/\/akam.com\/es\/wp-json\/wp\/v2\/pages\/413\/revisions\/954"}],"up":[{"embeddable":true,"href":"https:\/\/akam.com\/es\/wp-json\/wp\/v2\/pages\/280"}],"wp:attachment":[{"href":"https:\/\/akam.com\/es\/wp-json\/wp\/v2\/media?parent=413"}],"curies":[{"name":"wp","href":"https:\/\/api.w.org\/{rel}","templated":true}]}}