{"id":267,"date":"2024-04-18T16:36:37","date_gmt":"2024-04-18T16:36:37","guid":{"rendered":"https:\/\/thriveencode.com\/projects\/akam\/?page_id=267"},"modified":"2024-07-18T12:01:56","modified_gmt":"2024-07-18T16:01:56","slug":"insurance-risk-management","status":"publish","type":"page","link":"https:\/\/akam.com\/es\/services\/insurance-risk-management\/","title":{"rendered":"Seguros y gesti\u00f3n de riesgos"},"content":{"rendered":"<section class=\"home-about-us-area our-service-repet-area project-manager-repet-area full-width\">\r\n\t\t\t<div class=\"container turnup\">\r\n\t\t\t\t\t\t\t\t<div class=\"home-about-us-wrapper\">\r\n\t\t\t\t\t<div class=\"row align-items-center\">\r\n\t\t\t\t\t <div class=\"col-lg-6\">\r\n\t\t\t\t\t\t <div class=\"home-about-image\" >\r\n\t\t\t\t\t\t\t <img decoding=\"async\" src=\"https:\/\/akam.com\/website\/wp-content\/uploads\/2024\/04\/irm-niwe.jpg\" alt=\"Service Image\">\r\n\t\t\t\t\t\t <\/div>\r\n\t\t\t\t\t <\/div>\r\n\t\t\t\t\t <div class=\"col-lg-6\">\r\n\t\t\t\t\t\t <div class=\"home-about-us-text\">\r\n\t\t\t\t\t\t\t    <h2>Navegando por los seguros con expertos<\/h2>\r\n\t\t\t\t\t\t\t    <p>El equipo de Gesti\u00f3n de Riesgos y Seguros AKAM es el conector fundamental entre los corredores de seguros y su junta directiva. Nuestro equipo trabajar\u00e1 con corredores de seguros para encontrar las p\u00f3lizas y primas \u00f3ptimas que sean adecuadas para su propiedad y, al mismo tiempo, asegurarse de que usted nunca est\u00e9 en riesgo.<\/p>\n\t\t\t\t\t\t\t\t\t\t\t\t\t\t\t\t\t<a href=\"\/es\/about-us\/\" target=\"_self\" class=\"common-button\">sobre nosotros<\/a>\r\n\t\t\t\t\t\t\t\t\r\n\t\t\t\t\t\t <\/div>\r\n\t\t\t\t\t <\/div>\r\n\t\t\t\t\t<\/div>\r\n\t\t\t\t <\/div>\r\n\t\t\t\t \t\t\t\t<div class=\"home-about-us-wrapper\">\r\n\t\t\t\t\t<div class=\"row align-items-center\">\r\n\t\t\t\t\t <div class=\"col-lg-6\">\r\n\t\t\t\t\t\t <div class=\"home-about-image\" >\r\n\t\t\t\t\t\t\t <img decoding=\"async\" src=\"https:\/\/akam.com\/website\/wp-content\/uploads\/2024\/04\/irm-tparm.jpg\" alt=\"Service Image\">\r\n\t\t\t\t\t\t <\/div>\r\n\t\t\t\t\t <\/div>\r\n\t\t\t\t\t <div class=\"col-lg-6\">\r\n\t\t\t\t\t\t <div class=\"home-about-us-text\">\r\n\t\t\t\t\t\t\t    <h2>An\u00e1lisis de pol\u00edticas y gesti\u00f3n de riesgos personalizados<\/h2>\r\n\t\t\t\t\t\t\t    <p>Nuestro enfoque incluye an\u00e1lisis de pol\u00edticas de expertos para una cobertura personalizada y rentable y asesoramiento estrat\u00e9gico sobre mitigaci\u00f3n de riesgos para asegurar el futuro de su propiedad. A trav\u00e9s de un soporte y una planificaci\u00f3n mejorados, nos aseguramos de que tenga una comprensi\u00f3n clara de sus opciones para que pueda tomar decisiones al respecto.<\/p>\n\t\t\t\t\t\t\t\t\t\t\t\t\t\t\t\t\t<a href=\"\/es\/request-a-proposal\/\" target=\"_self\" class=\"common-button\">Solicitar una propuesta<\/a>\r\n\t\t\t\t\t\t\t\t\r\n\t\t\t\t\t\t <\/div>\r\n\t\t\t\t\t <\/div>\r\n\t\t\t\t\t<\/div>\r\n\t\t\t\t <\/div>\r\n\t\t\t\t \t\t\t<\/div>\r\n\t\t<\/section>\t\r\n\t\n\n\n\t<section  class=\"case-studies-area full-width\">\r\n\t\t<div class=\"container\">\r\n\t\t\t<div class=\"case-studies-head\">\r\n\t\t\t\t<div class=\"row\">\r\n\t\t\t\t\t<div class=\"col-lg-6\">\r\n\t\t\t\t\t\t<div class=\"case-studies-left\">\r\n\t\t\t\t\t\t\t<h2>Casos de proyectos<\/h2>\r\n\t\t\t\t\t\t<\/div>\r\n\t\t\t\t\t<\/div>\r\n\t\t\t\t\t\r\n\t\t\t\t\t<div class=\"col-lg-6\">\r\n\t\t\t\t\t\t<div class=\"case-studies-right\">\r\n\t\t\t\t\t\t\t<p>Descubra c\u00f3mo el compromiso de AKAM con una gesti\u00f3n de propiedades excepcional se traduce en resultados tangibles para nuestros clientes. Estos ejemplos del mundo real resaltan c\u00f3mo utilizamos la Inteligencia Residencial para respaldar con \u00e9xito todos los aspectos de la administraci\u00f3n de propiedades y las comunidades a las que servimos.<\/p>\n\t\t\t\t\t\t<\/div>\r\n\t\t\t\t\t<\/div>\r\n\t\t\t\t<\/div>\r\n\t\t\t<\/div>\r\n\t\t\t<div class=\"case-studies-slider\">\r\n\t\t\t\t<div class=\"swiper-container  mySwiper-1\">\r\n\t\t\t\t\t<div class=\"swiper-wrapper\">\r\n\t\t\t\t\t\t\t\t\t\t\t\t<div class=\"swiper-slide\">\r\n\t\t\t\t\t\t\t<div class=\"case-studies-wrapper\">\r\n\t\t\t\t\t\t\t\t<div class=\"row\">\r\n\t\t\t\t\t\t\t\t\t<div class=\"col-lg-6\">\r\n\t\t\t\t\t\t\t\t\t   <div class=\"case-slider-image\">\r\n\t\t\t\t\t\t\t\t\t\t<img decoding=\"async\" src=\"https:\/\/akam.com\/website\/wp-content\/uploads\/2024\/04\/cs-irm.png\" alt=\"gallery Image\">\r\n\t\t\t\t\t\t\t\t\t   <\/div>\r\n\t\t\t\t\t\t\t\t\t<\/div>\r\n\t\t\t\t\t\t\t\t\t<div class=\"col-lg-6\">\r\n\t\t\t\t\t\t\t\t\t\t<div class=\"case-studies-text es\">\r\n\t\t\t\t\t\t\t\t\t\t\t\t<div class=\"nyc ps\">\r\n\t\t\t\t\t\t\t\t\t\t\t\t\t\r\n\t\t\t\t\t\t\t\t\t\t\t\t\t\t\t\t\t\t\t\t\t\t<!-- <img decoding=\"async\" src=\"assets\/images\/Icon-material-location-on.png\" alt=\"\"> -->\r\n\t\t\t\t\t\t\t\t\t\t\t\t\t<h6>Estrategias probadas<\/h6>\r\n\t\t\t\t\t\t\t\t\t\t\t\t<\/div>\r\n\t\t\t\t\t\t\t\t\t\t\t<h2>AKAM Seguros y gesti\u00f3n de riesgos<\/h2>\r\n\t\t\t\t\t\t\t\t\t\t\t\t\t\t\t\t\t\t\t\t\t\t<a href=\"\/es\/services\/insurance-risk-management\/case-studies\/\" target=\"_self\" class=\"common-button\">LEER M\u00c1S<\/a>\r\n\t\t\t\t\t\t\t\t\t\t\t\t\t\t\t\t\t\t\t\t\t<\/div>\r\n\t\t\t\t\t\t\t\t\t<\/div>\r\n\t\t\t\t\t\t\t\t<\/div>\r\n\t\t\t\t\t\t\t<\/div>\r\n\t\t\t\t\t\t<\/div>\r\n\t\t\t\t\t\t\t\t\t\t\t<\/div>\r\n\t\t\t\t\t<!-- <div class=\"swiper-pagination\"><\/div> -->\r\n\t\t\t\t<\/div>\r\n\t\t\t\t<div class=\"case-studies-control\">\r\n\t\t\t\t\t<div class=\"swiper-button-prev common-arrow\"><img decoding=\"async\" src=\"https:\/\/akam.com\/website\/wp-content\/themes\/twentytwentyone-child\/assets\/images\/left-arrow.png\" border=\"0\" alt=\"Prev Arrow\"><\/div>\r\n\t\t\t\t\t<div class=\"swiper-button-next common-arrow\"><img decoding=\"async\" src=\"https:\/\/akam.com\/website\/wp-content\/themes\/twentytwentyone-child\/assets\/images\/right-arrow.png\" border=\"0\" alt=\"Next Arrow\"><\/div>\r\n\t\t\t\t<\/div>\r\n\t\t\t<\/div>\r\n\t\t<\/div>\r\n\t <\/section>\r\n\t\n\n\n\t<section class=\"testmonial-area  full-width\">\r\n\t\t<div class=\"container\">\r\n\t\t\t<div class=\"row align-items-center\">\r\n\t\t\t\t<div class=\"col-lg-4\">\r\n\t\t\t\t\t<div class=\"testimonial-content\">\r\n\t\t\t\t\t\t\t\t\t\t\t\t\t<h4>Testimonios<\/h4>\r\n\t\t\t\t\t\t\t\t\t\t\t\t<p>Nuestra reputaci\u00f3n se basa en ser receptivos, flexibles y adaptables, manteni\u00e9ndonos siempre a la vanguardia para satisfacer y superar las necesidades cambiantes de nuestros clientes. Vea lo que otros tienen que decir sobre trabajar con AKAM.<\/p>\n\t\t\t\t\t\t<div class=\"swiper-pagination\"><\/div>\r\n\t\t\t\t\t<\/div>\r\n\t\t\t\t<\/div>\r\n\t\t\t\t\r\n\t\t\t\t\t\t\t\t<div class=\"col-lg-8\">\r\n\t\t\t\t\t<div class=\"tesimonial-slider-wrapper\">\r\n\t\t\t\t\t\t<div class=\"swiper-container\">\r\n\t\t\t\t\t\t\t<div class=\"swiper-wrapper\">\r\n\t\t\t\t\t\t\t\t\t\t\t\t\t\t\t\t<div class=\"swiper-slide\">\r\n\t\t\t\t\t\t\t\t\t<div class=\"each-testimonial\">\r\n\t\t\t\t\t\t\t\t\t\t\n<p>Muchas gracias a mi gerente en AKAM. Ella siempre es r\u00e1pida y est\u00e1 disponible cuando es necesario para ayudar con cualquier inquietud. Realmente aprecio su s\u00f3lido servicio al cliente, su atenci\u00f3n al detalle y su inter\u00e9s. \u00a1Gracias!<\/p>\n\t\t\t\t\t\t\t\t\t\t<div class=\"author-area d-flex\">\r\n\t\t\t\t\t\t\t\t\t\t\t<!--<div class=\"author-image-wrapper\">\r\n\t\t\t\t\t\t\t\t\t\t\t\t<img decoding=\"async\" src=\"https:\/\/akam.com\/website\/wp-content\/uploads\/2024\/04\/avatar-image-line.png\" border=\"0\" alt=\"\">\r\n\t\t\t\t\t\t\t\t\t\t\t<\/div>-->\r\n\t\t\t\t\t\t\t\t\t\t\t<div class=\"author-line-wrapper\">\r\n\t\t\t\t\t\t\t\t\t\t\t\t<span>-<\/span>\r\n\t\t\t\t\t\t\t\t\t\t\t<\/div>\r\n\t\t\t\t\t\t\t\t\t\t\t<div class=\"authore-content\">\r\n\t\t\t\t\t\t\t\t\t\t\t\t<h4>amy m.<\/h4>\r\n\t\t\t\t\t\t\t\t\t\t\t\t<p><\/p>\r\n\t\t\t\t\t\t\t\t\t\t\t<\/div>\r\n\t\t\t\t\t\t\t\t\t\t<\/div>\r\n\t\t\t\t\t\t\t\t\t<\/div>\r\n\t\t\t\t\t\t\t\t<\/div>\r\n\t\t\t\t\t\t\t\t\t\t\t\t\t\t\t\t<div class=\"swiper-slide\">\r\n\t\t\t\t\t\t\t\t\t<div class=\"each-testimonial\">\r\n\t\t\t\t\t\t\t\t\t\t\n<p>Christan ha sido la administradora de propiedades en mi edificio durante algunos a\u00f1os. Siempre hace todo lo posible para intentar resolver cualquier problema que he tenido a lo largo de los a\u00f1os. Es r\u00e1pida, atenta y siempre profesional.<\/p>\n\t\t\t\t\t\t\t\t\t\t<div class=\"author-area d-flex\">\r\n\t\t\t\t\t\t\t\t\t\t\t<!--<div class=\"author-image-wrapper\">\r\n\t\t\t\t\t\t\t\t\t\t\t\t<img decoding=\"async\" src=\"https:\/\/akam.com\/website\/wp-content\/uploads\/2024\/04\/avatar-image.png\" border=\"0\" alt=\"\">\r\n\t\t\t\t\t\t\t\t\t\t\t<\/div>-->\r\n\t\t\t\t\t\t\t\t\t\t\t<div class=\"author-line-wrapper\">\r\n\t\t\t\t\t\t\t\t\t\t\t\t<span>-<\/span>\r\n\t\t\t\t\t\t\t\t\t\t\t<\/div>\r\n\t\t\t\t\t\t\t\t\t\t\t<div class=\"authore-content\">\r\n\t\t\t\t\t\t\t\t\t\t\t\t<h4>cindy m.<\/h4>\r\n\t\t\t\t\t\t\t\t\t\t\t\t<p><\/p>\r\n\t\t\t\t\t\t\t\t\t\t\t<\/div>\r\n\t\t\t\t\t\t\t\t\t\t<\/div>\r\n\t\t\t\t\t\t\t\t\t<\/div>\r\n\t\t\t\t\t\t\t\t<\/div>\r\n\t\t\t\t\t\t\t\t\t\t\t\t\t\t\t\t<div class=\"swiper-slide\">\r\n\t\t\t\t\t\t\t\t\t<div class=\"each-testimonial\">\r\n\t\t\t\t\t\t\t\t\t\t\n<p>Mi gerente es extremadamente receptiva y pudo resolver un malentendido r\u00e1pidamente. AKAM tiene mucha suerte de tenerla.<\/p>\n\t\t\t\t\t\t\t\t\t\t<div class=\"author-area d-flex\">\r\n\t\t\t\t\t\t\t\t\t\t\t<!--<div class=\"author-image-wrapper\">\r\n\t\t\t\t\t\t\t\t\t\t\t\t<img decoding=\"async\" src=\"https:\/\/akam.com\/website\/wp-content\/uploads\/2024\/04\/avatar-image.png\" border=\"0\" alt=\"\">\r\n\t\t\t\t\t\t\t\t\t\t\t<\/div>-->\r\n\t\t\t\t\t\t\t\t\t\t\t<div class=\"author-line-wrapper\">\r\n\t\t\t\t\t\t\t\t\t\t\t\t<span>-<\/span>\r\n\t\t\t\t\t\t\t\t\t\t\t<\/div>\r\n\t\t\t\t\t\t\t\t\t\t\t<div class=\"authore-content\">\r\n\t\t\t\t\t\t\t\t\t\t\t\t<h4>Tom Y.<\/h4>\r\n\t\t\t\t\t\t\t\t\t\t\t\t<p><\/p>\r\n\t\t\t\t\t\t\t\t\t\t\t<\/div>\r\n\t\t\t\t\t\t\t\t\t\t<\/div>\r\n\t\t\t\t\t\t\t\t\t<\/div>\r\n\t\t\t\t\t\t\t\t<\/div>\r\n\t\t\t\t\t\t\t\t\t\t\t\t\t\t\t\t<div class=\"swiper-slide\">\r\n\t\t\t\t\t\t\t\t\t<div class=\"each-testimonial\">\r\n\t\t\t\t\t\t\t\t\t\t\n<p>S\u00f3lo quer\u00eda tomarme el tiempo para elogiar la competencia y el profesionalismo de David. Investiga el asunto y, cuando es necesario, lo resuelve con prontitud. Adem\u00e1s, deseo se\u00f1alar que siempre est\u00e1 disponible con alguna inquietud con respecto a la propiedad, como limpieza, recolecci\u00f3n de basura y problemas de mantenimiento general.<\/p>\n\t\t\t\t\t\t\t\t\t\t<div class=\"author-area d-flex\">\r\n\t\t\t\t\t\t\t\t\t\t\t<!--<div class=\"author-image-wrapper\">\r\n\t\t\t\t\t\t\t\t\t\t\t\t<img decoding=\"async\" src=\"https:\/\/akam.com\/website\/wp-content\/uploads\/2024\/04\/avatar-image.png\" border=\"0\" alt=\"\">\r\n\t\t\t\t\t\t\t\t\t\t\t<\/div>-->\r\n\t\t\t\t\t\t\t\t\t\t\t<div class=\"author-line-wrapper\">\r\n\t\t\t\t\t\t\t\t\t\t\t\t<span>-<\/span>\r\n\t\t\t\t\t\t\t\t\t\t\t<\/div>\r\n\t\t\t\t\t\t\t\t\t\t\t<div class=\"authore-content\">\r\n\t\t\t\t\t\t\t\t\t\t\t\t<h4>John D.<\/h4>\r\n\t\t\t\t\t\t\t\t\t\t\t\t<p><\/p>\r\n\t\t\t\t\t\t\t\t\t\t\t<\/div>\r\n\t\t\t\t\t\t\t\t\t\t<\/div>\r\n\t\t\t\t\t\t\t\t\t<\/div>\r\n\t\t\t\t\t\t\t\t<\/div>\r\n\t\t\t\t\t\t\t\t\t\t\t\t\t\t\t\t<div class=\"swiper-slide\">\r\n\t\t\t\t\t\t\t\t\t<div class=\"each-testimonial\">\r\n\t\t\t\t\t\t\t\t\t\t\n<p>David es un destacado representante de AKAM. Es un oyente excepcional, muy respetuoso, muy eficaz y siempre hace el trabajo. Somos muy afortunados de contar con una persona tan amable y confiable cuid\u00e1ndonos.<\/p>\n\t\t\t\t\t\t\t\t\t\t<div class=\"author-area d-flex\">\r\n\t\t\t\t\t\t\t\t\t\t\t<!--<div class=\"author-image-wrapper\">\r\n\t\t\t\t\t\t\t\t\t\t\t\t<img decoding=\"async\" src=\"https:\/\/akam.com\/website\/wp-content\/uploads\/2024\/04\/avatar-image.png\" border=\"0\" alt=\"\">\r\n\t\t\t\t\t\t\t\t\t\t\t<\/div>-->\r\n\t\t\t\t\t\t\t\t\t\t\t<div class=\"author-line-wrapper\">\r\n\t\t\t\t\t\t\t\t\t\t\t\t<span>-<\/span>\r\n\t\t\t\t\t\t\t\t\t\t\t<\/div>\r\n\t\t\t\t\t\t\t\t\t\t\t<div class=\"authore-content\">\r\n\t\t\t\t\t\t\t\t\t\t\t\t<h4>Grace J.<\/h4>\r\n\t\t\t\t\t\t\t\t\t\t\t\t<p><\/p>\r\n\t\t\t\t\t\t\t\t\t\t\t<\/div>\r\n\t\t\t\t\t\t\t\t\t\t<\/div>\r\n\t\t\t\t\t\t\t\t\t<\/div>\r\n\t\t\t\t\t\t\t\t<\/div>\r\n\t\t\t\t\t\t\t\t\t\t\t\t\t\t\t<\/div>\r\n\t\t\t\t\t\t<\/div>\r\n\t\t\t\t\t<\/div>\r\n\t\t\t\t<\/div>\r\n\t\t\t\t\t\t\t<\/div>\r\n\t\t<\/div>\r\n\t<\/section>","protected":false},"excerpt":{"rendered":"","protected":false},"author":1,"featured_media":0,"parent":60,"menu_order":0,"comment_status":"closed","ping_status":"closed","template":"","meta":{"_acf_changed":false,"inline_featured_image":false,"footnotes":""},"class_list":["post-267","page","type-page","status-publish","hentry","entry"],"acf":[],"yoast_head":"<!-- This site is optimized with the Yoast SEO plugin v27.4 - https:\/\/yoast.com\/product\/yoast-seo-wordpress\/ -->\r\n<title>Insurance &amp; Risk Management - AKAM<\/title>\r\n<meta name=\"description\" content=\"Protect your property with AKAM&#039;s comprehensive insurance and risk management services. Ensure your investments are safeguarded with our expert advice and solutions.\" \/>\r\n<meta name=\"robots\" content=\"index, follow, max-snippet:-1, max-image-preview:large, max-video-preview:-1\" \/>\r\n<link rel=\"canonical\" href=\"https:\/\/akam.com\/es\/services\/insurance-risk-management\/\" \/>\r\n<meta property=\"og:locale\" content=\"es_ES\" \/>\r\n<meta property=\"og:type\" content=\"article\" \/>\r\n<meta property=\"og:title\" content=\"Insurance &amp; Risk Management - AKAM\" \/>\r\n<meta property=\"og:description\" content=\"Protect your property with AKAM&#039;s comprehensive insurance and risk management services. Ensure your investments are safeguarded with our expert advice and solutions.\" \/>\r\n<meta property=\"og:url\" content=\"https:\/\/akam.com\/es\/services\/insurance-risk-management\/\" \/>\r\n<meta property=\"og:site_name\" content=\"AKAM\" \/>\r\n<meta property=\"article:modified_time\" content=\"2024-07-18T16:01:56+00:00\" \/>\r\n<meta property=\"og:image\" content=\"https:\/\/akam.com\/website\/wp-content\/uploads\/2024\/07\/AKAM-Preview-Image.jpg\" \/>\r\n\t<meta property=\"og:image:width\" content=\"812\" \/>\r\n\t<meta property=\"og:image:height\" content=\"600\" \/>\r\n\t<meta property=\"og:image:type\" content=\"image\/jpeg\" \/>\r\n<meta name=\"twitter:card\" content=\"summary_large_image\" \/>\r\n<meta name=\"twitter:label1\" content=\"Tiempo de lectura\" \/>\n\t<meta name=\"twitter:data1\" content=\"1 minuto\" \/>\r\n<script type=\"application\/ld+json\" class=\"yoast-schema-graph\">{\"@context\":\"https:\\\/\\\/schema.org\",\"@graph\":[{\"@type\":\"WebPage\",\"@id\":\"https:\\\/\\\/akam.com\\\/services\\\/insurance-risk-management\\\/\",\"url\":\"https:\\\/\\\/akam.com\\\/services\\\/insurance-risk-management\\\/\",\"name\":\"Insurance &amp; Risk Management - AKAM\",\"isPartOf\":{\"@id\":\"https:\\\/\\\/akam.com\\\/#website\"},\"datePublished\":\"2024-04-18T16:36:37+00:00\",\"dateModified\":\"2024-07-18T16:01:56+00:00\",\"description\":\"Protect your property with AKAM's comprehensive insurance and risk management services. Ensure your investments are safeguarded with our expert advice and solutions.\",\"breadcrumb\":{\"@id\":\"https:\\\/\\\/akam.com\\\/services\\\/insurance-risk-management\\\/#breadcrumb\"},\"inLanguage\":\"es\",\"potentialAction\":[{\"@type\":\"ReadAction\",\"target\":[\"https:\\\/\\\/akam.com\\\/services\\\/insurance-risk-management\\\/\"]}]},{\"@type\":\"BreadcrumbList\",\"@id\":\"https:\\\/\\\/akam.com\\\/services\\\/insurance-risk-management\\\/#breadcrumb\",\"itemListElement\":[{\"@type\":\"ListItem\",\"position\":1,\"name\":\"Home\",\"item\":\"https:\\\/\\\/akam.com\\\/\"},{\"@type\":\"ListItem\",\"position\":2,\"name\":\"Services\",\"item\":\"https:\\\/\\\/akam.com\\\/services\\\/\"},{\"@type\":\"ListItem\",\"position\":3,\"name\":\"Insurance &amp; Risk Management\"}]},{\"@type\":\"WebSite\",\"@id\":\"https:\\\/\\\/akam.com\\\/#website\",\"url\":\"https:\\\/\\\/akam.com\\\/\",\"name\":\"AKAM\",\"description\":\"Discover AKAM, the best property management company offering comprehensive services for residential and commercial properties. Contact us today.\",\"potentialAction\":[{\"@type\":\"SearchAction\",\"target\":{\"@type\":\"EntryPoint\",\"urlTemplate\":\"https:\\\/\\\/akam.com\\\/?s={search_term_string}\"},\"query-input\":{\"@type\":\"PropertyValueSpecification\",\"valueRequired\":true,\"valueName\":\"search_term_string\"}}],\"inLanguage\":\"es\"}]}<\/script>\r\n<!-- \/ Yoast SEO plugin. -->","yoast_head_json":{"title":"Insurance &amp; Risk Management - AKAM","description":"Protect your property with AKAM's comprehensive insurance and risk management services. Ensure your investments are safeguarded with our expert advice and solutions.","robots":{"index":"index","follow":"follow","max-snippet":"max-snippet:-1","max-image-preview":"max-image-preview:large","max-video-preview":"max-video-preview:-1"},"canonical":"https:\/\/akam.com\/es\/services\/insurance-risk-management\/","og_locale":"es_ES","og_type":"article","og_title":"Insurance &amp; Risk Management - AKAM","og_description":"Protect your property with AKAM's comprehensive insurance and risk management services. Ensure your investments are safeguarded with our expert advice and solutions.","og_url":"https:\/\/akam.com\/es\/services\/insurance-risk-management\/","og_site_name":"AKAM","article_modified_time":"2024-07-18T16:01:56+00:00","og_image":[{"width":812,"height":600,"url":"https:\/\/akam.com\/website\/wp-content\/uploads\/2024\/07\/AKAM-Preview-Image.jpg","type":"image\/jpeg"}],"twitter_card":"summary_large_image","twitter_misc":{"Tiempo de lectura":"1 minuto"},"schema":{"@context":"https:\/\/schema.org","@graph":[{"@type":"WebPage","@id":"https:\/\/akam.com\/services\/insurance-risk-management\/","url":"https:\/\/akam.com\/services\/insurance-risk-management\/","name":"Insurance &amp; Risk Management - AKAM","isPartOf":{"@id":"https:\/\/akam.com\/#website"},"datePublished":"2024-04-18T16:36:37+00:00","dateModified":"2024-07-18T16:01:56+00:00","description":"Protect your property with AKAM's comprehensive insurance and risk management services. Ensure your investments are safeguarded with our expert advice and solutions.","breadcrumb":{"@id":"https:\/\/akam.com\/services\/insurance-risk-management\/#breadcrumb"},"inLanguage":"es","potentialAction":[{"@type":"ReadAction","target":["https:\/\/akam.com\/services\/insurance-risk-management\/"]}]},{"@type":"BreadcrumbList","@id":"https:\/\/akam.com\/services\/insurance-risk-management\/#breadcrumb","itemListElement":[{"@type":"ListItem","position":1,"name":"Home","item":"https:\/\/akam.com\/"},{"@type":"ListItem","position":2,"name":"Services","item":"https:\/\/akam.com\/services\/"},{"@type":"ListItem","position":3,"name":"Insurance &amp; Risk Management"}]},{"@type":"WebSite","@id":"https:\/\/akam.com\/#website","url":"https:\/\/akam.com\/","name":"AKAM","description":"Discover AKAM, the best property management company offering comprehensive services for residential and commercial properties. Contact us today.","potentialAction":[{"@type":"SearchAction","target":{"@type":"EntryPoint","urlTemplate":"https:\/\/akam.com\/?s={search_term_string}"},"query-input":{"@type":"PropertyValueSpecification","valueRequired":true,"valueName":"search_term_string"}}],"inLanguage":"es"}]}},"_links":{"self":[{"href":"https:\/\/akam.com\/es\/wp-json\/wp\/v2\/pages\/267","targetHints":{"allow":["GET"]}}],"collection":[{"href":"https:\/\/akam.com\/es\/wp-json\/wp\/v2\/pages"}],"about":[{"href":"https:\/\/akam.com\/es\/wp-json\/wp\/v2\/types\/page"}],"author":[{"embeddable":true,"href":"https:\/\/akam.com\/es\/wp-json\/wp\/v2\/users\/1"}],"replies":[{"embeddable":true,"href":"https:\/\/akam.com\/es\/wp-json\/wp\/v2\/comments?post=267"}],"version-history":[{"count":18,"href":"https:\/\/akam.com\/es\/wp-json\/wp\/v2\/pages\/267\/revisions"}],"predecessor-version":[{"id":1008,"href":"https:\/\/akam.com\/es\/wp-json\/wp\/v2\/pages\/267\/revisions\/1008"}],"up":[{"embeddable":true,"href":"https:\/\/akam.com\/es\/wp-json\/wp\/v2\/pages\/60"}],"wp:attachment":[{"href":"https:\/\/akam.com\/es\/wp-json\/wp\/v2\/media?parent=267"}],"curies":[{"name":"wp","href":"https:\/\/api.w.org\/{rel}","templated":true}]}}