{"id":2665,"date":"2026-02-26T23:04:54","date_gmt":"2026-02-27T04:04:54","guid":{"rendered":"https:\/\/akam.com\/?page_id=2665"},"modified":"2026-02-26T23:06:18","modified_gmt":"2026-02-27T04:06:18","slug":"accessibility-policy","status":"publish","type":"page","link":"https:\/\/akam.com\/es\/accessibility-policy\/","title":{"rendered":"Pol\u00edtica de accesibilidad"},"content":{"rendered":"<p><\/p>\n\n\n\n<h2 class=\"wp-block-heading\" id=\"h-accessibility-statement\">Declaraci\u00f3n de accesibilidad<\/h2>\n\n\n\n<h3 class=\"wp-block-heading\" id=\"h-compliance-status\">Estado de cumplimiento<\/h3>\n\n\n\n<p>Creemos firmemente que Internet debe estar disponible y accesible para todos, y estamos comprometidos a proporcionar un sitio web que sea accesible para la audiencia m\u00e1s amplia posible, independientemente de las circunstancias y la capacidad.<\/p>\n\n\n\n<p>Para lograrlo, nos atenemos estrictamente a las Pautas de Accesibilidad al Contenido Web 2.1 (WCAG 2.1) del Consorcio World Wide Web (W3C) en el nivel AA. Estas pautas explican c\u00f3mo hacer que el contenido web sea accesible para personas con diversas discapacidades. El cumplimiento de estas pautas nos ayuda a garantizar que el sitio web sea accesible para todas las personas: personas ciegas, con discapacidades motoras, visuales, cognitivas, etc.<\/p>\n\n\n\n<p>Este sitio web utiliza diversas tecnolog\u00edas para que sea lo m\u00e1s accesible posible en todo momento. Utilizamos una interfaz de accesibilidad que permite a las personas con discapacidades espec\u00edficas adaptar la interfaz de usuario (IU) del sitio web y dise\u00f1arla seg\u00fan sus necesidades.<\/p>\n\n\n\n<p>Adem\u00e1s, el sitio web utiliza una aplicaci\u00f3n basada en IA que se ejecuta en segundo plano y optimiza constantemente su nivel de accesibilidad. Esta aplicaci\u00f3n corrige el HTML del sitio web y adapta su funcionalidad y comportamiento para los lectores de pantalla utilizados por usuarios ciegos y para las funciones del teclado utilizadas por personas con discapacidades motoras.<\/p>\n\n\n\n<p>If you\u2019ve found a malfunction or have ideas for improvement, we\u2019ll be happy to hear from you. You can reach out to the website\u2019s operators by using the following email {contactEmail}<\/p>\n\n\n\n<h3 class=\"wp-block-heading\" id=\"h-screen-reader-and-keyboard-navigation\">Lector de pantalla y navegaci\u00f3n con teclado<\/h3>\n\n\n\n<p>Nuestro sitio web implementa la t\u00e9cnica de atributos ARIA (Aplicaciones Accesibles de Internet enriquecidas), junto con diversos cambios de comportamiento, para garantizar que los usuarios ciegos que visiten el sitio con lectores de pantalla puedan leer, comprender y disfrutar de las funciones del sitio web. En cuanto un usuario con un lector de pantalla accede a su sitio, recibe inmediatamente una solicitud para ingresar al perfil del lector de pantalla y as\u00ed poder navegar y operarlo eficazmente. A continuaci\u00f3n, le mostramos c\u00f3mo nuestro sitio web cubre algunos de los requisitos m\u00e1s importantes de los lectores de pantalla, junto con capturas de pantalla de consola con ejemplos de c\u00f3digo:<\/p>\n\n\n\n<ol class=\"wp-block-list\">\n<li><strong>Optimizaci\u00f3n del lector de pantalla: <\/strong>we run a background process that learns the website\u2019s components from top to bottom, to ensure ongoing compliance even when updating the website. In this process, we provide screen-readers with meaningful data using the ARIA set of attributes. For example, we provide accurate form labels; descriptions for actionable icons (social media icons, search icons, cart icons, etc.); validation guidance for form inputs; element roles such as buttons, menus, modal dialogues (popups), and others. Additionally, the background process scans all the website\u2019s images and provides an accurate and meaningful image-object-recognition-based description as an ALT (alternate text) tag for images that are not described. It will also extract texts that are embedded within the image, using an OCR (optical character recognition) technology. To turn on screen-reader adjustments at any time, users need only to press the Alt+1 keyboard combination. Screen-reader users also get automatic announcements to turn the Screen-reader mode on as soon as they enter the website. These adjustments are compatible with all popular screen readers, including JAWS and NVDA.<\/li>\n\n\n\n<li><strong>Optimizaci\u00f3n de la navegaci\u00f3n con teclado: <\/strong>The background process also adjusts the website\u2019s HTML, and adds various behaviors using JavaScript code to make the website operable by the keyboard. This includes the ability to navigate the website using the Tab and Shift+Tab keys, operate dropdowns with the arrow keys, close them with Esc, trigger buttons and links using the Enter key, navigate between radio and checkbox elements using the arrow keys, and fill them in with the Spacebar or Enter key.Additionally, keyboard users will find quick-navigation and content-skip menus, available at any time by clicking Alt+1, or as the first elements of the site while navigating with the keyboard. The background process also handles triggered popups by moving the keyboard focus towards them as soon as they appear, and not allow the focus drift outside it. Users can also use shortcuts such as \u201cM\u201d (menus), \u201cH\u201d (headings), \u201cF\u201d (forms), \u201cB\u201d (buttons), and \u201cG\u201d (graphics) to jump to specific elements.<\/li>\n<\/ol>\n\n\n\n<h3 class=\"wp-block-heading\" id=\"h-disability-profiles-supported-in-our-website\">Perfiles de discapacidad admitidos en nuestro sitio web<\/h3>\n\n\n\n<ul class=\"wp-block-list\">\n<li><strong>Modo seguro para la epilepsia:<\/strong> Este perfil permite a las personas con epilepsia utilizar el sitio web de forma segura al eliminar el riesgo de convulsiones que resultan de animaciones intermitentes o parpadeantes y combinaciones de colores arriesgadas.<\/li>\n\n\n\n<li><strong>Modo para personas con discapacidad visual:<\/strong> Este modo ajusta el sitio web para la comodidad de los usuarios con discapacidades visuales, como visi\u00f3n degradada, visi\u00f3n de t\u00fanel, cataratas, glaucoma y otras.<\/li>\n\n\n\n<li><strong>Modo de discapacidad cognitiva:<\/strong> Este modo proporciona diferentes opciones de asistencia para ayudar a los usuarios con discapacidades cognitivas, como dislexia, autismo, ACV y otras, a centrarse en los elementos esenciales del sitio web con mayor facilidad.<\/li>\n\n\n\n<li><strong>Modo amigable para TDAH:<\/strong> Este modo ayuda a los usuarios con TDAH y trastornos del desarrollo neurol\u00f3gico a leer, navegar y concentrarse en los elementos principales del sitio web con mayor facilidad y, al mismo tiempo, reduce significativamente las distracciones.<\/li>\n\n\n\n<li><strong>Modo ceguera:<\/strong> Este modo configura el sitio web para que sea compatible con lectores de pantalla como JAWS, NVDA, VoiceOver y TalkBack. Un lector de pantalla es un software para usuarios ciegos que se instala en ordenadores y smartphones, y los sitios web deben ser compatibles con \u00e9l.<\/li>\n\n\n\n<li><strong>Perfil de navegaci\u00f3n del teclado (personas con discapacidad motriz):<\/strong> Este perfil permite a las personas con discapacidad motriz utilizar el sitio web mediante las teclas Tab, Shift+Tab y Enter. Los usuarios tambi\u00e9n pueden usar atajos como &quot;M&quot; (men\u00fas), &quot;H&quot; (encabezados), &quot;F&quot; (formularios), &quot;B&quot; (botones) y &quot;G&quot; (gr\u00e1ficos) para acceder a elementos espec\u00edficos.<\/li>\n<\/ul>\n\n\n\n<h3 class=\"wp-block-heading\" id=\"h-additional-ui-design-and-readability-adjustments\">Ajustes adicionales de interfaz de usuario, dise\u00f1o y legibilidad<\/h3>\n\n\n\n<ol class=\"wp-block-list\">\n<li><strong>Ajustes de fuente \u2013<\/strong> Los usuarios pueden aumentar y disminuir su tama\u00f1o, cambiar su familia (tipo), ajustar el espaciado, la alineaci\u00f3n, la altura de la l\u00ednea y m\u00e1s.<\/li>\n\n\n\n<li><strong>Ajustes de color \u2013<\/strong> Los usuarios pueden seleccionar varios perfiles de contraste de color, como claro, oscuro, invertido y monocrom\u00e1tico. Adem\u00e1s, pueden intercambiar los esquemas de color de t\u00edtulos, textos y fondos, con m\u00e1s de siete opciones de color diferentes.<\/li>\n\n\n\n<li><strong>Animaciones \u2013<\/strong> Una persona con epilepsia puede detener todas las animaciones en ejecuci\u00f3n con solo pulsar un bot\u00f3n. Las animaciones controladas por la interfaz incluyen v\u00eddeos, GIF y transiciones CSS intermitentes.<\/li>\n\n\n\n<li><strong>Resaltado de contenido \u2013<\/strong> Los usuarios pueden destacar elementos importantes, como enlaces y t\u00edtulos. Tambi\u00e9n pueden resaltar solo los elementos destacados o sobre los que se pasa el cursor.<\/li>\n\n\n\n<li><strong>Silenciamiento de audio \u2013<\/strong> Los usuarios con dispositivos auditivos pueden experimentar dolores de cabeza u otros problemas debido a la reproducci\u00f3n autom\u00e1tica de audio. Esta opci\u00f3n permite silenciar todo el sitio web al instante.<\/li>\n\n\n\n<li><strong>Trastornos cognitivos \u2013<\/strong> Utilizamos un motor de b\u00fasqueda vinculado a Wikipedia y Wikcionario, lo que permite a las personas con trastornos cognitivos descifrar el significado de frases, iniciales, jergas y otros.<\/li>\n\n\n\n<li><strong>Funciones adicionales \u2013<\/strong> Ofrecemos a los usuarios la opci\u00f3n de cambiar el color y el tama\u00f1o del cursor, utilizar un modo de impresi\u00f3n, habilitar un teclado virtual y muchas otras funciones.<\/li>\n<\/ol>\n\n\n\n<h3 class=\"wp-block-heading\" id=\"h-browser-and-assistive-technology-compatibility\">Compatibilidad con navegadores y tecnolog\u00eda de asistencia<\/h3>\n\n\n\n<p>Nuestro objetivo es ofrecer compatibilidad con la mayor variedad posible de navegadores y tecnolog\u00edas de asistencia, para que nuestros usuarios puedan elegir las herramientas que mejor se adapten a sus necesidades, con las m\u00ednimas limitaciones posibles. Por ello, nos hemos esforzado al m\u00e1ximo para ser compatibles con los principales sistemas que representan m\u00e1s del 95% de la cuota de mercado de usuarios, incluyendo Google Chrome, Mozilla Firefox, Apple Safari, Opera, Microsoft Edge, JAWS y NVDA (lectores de pantalla).<\/p>\n\n\n\n<h3 class=\"wp-block-heading\" id=\"h-notes-comments-and-feedback\">Notas, comentarios y retroalimentaci\u00f3n<\/h3>\n\n\n\n<p>Despite our very best efforts to allow anybody to adjust the website to their needs. There may still be pages or sections that are not fully accessible, are in the process of becoming accessible, or are lacking an adequate technological solution to make them accessible. Still, we are continually improving our accessibility, adding, updating and improving its options and features, and developing and adopting new technologies. All this is meant to reach the optimal level of accessibility, following technological advancements. For any assistance, please reach out to {contactEmail}<\/p>\n\n\n\n<p><\/p>\n\n\n\n<p><\/p>","protected":false},"excerpt":{"rendered":"<p>Accessibility Statement Compliance status We firmly believe that the internet should be available and accessible to anyone, and are committed to providing a website that is accessible to the widest possible audience, regardless of circumstance and ability. To fulfill this, we aim to adhere as strictly as possible to the World Wide Web Consortium\u2019s (W3C)&hellip; <a class=\"more-link\" href=\"https:\/\/akam.com\/es\/accessibility-policy\/\">seguir leyendo <span class=\"screen-reader-text\">Pol\u00edtica de accesibilidad<\/span><\/a><\/p>","protected":false},"author":1,"featured_media":0,"parent":0,"menu_order":0,"comment_status":"closed","ping_status":"closed","template":"","meta":{"_acf_changed":false,"inline_featured_image":false,"footnotes":""},"class_list":["post-2665","page","type-page","status-publish","hentry","entry"],"acf":[],"yoast_head":"<!-- This site is optimized with the Yoast SEO plugin v27.3 - https:\/\/yoast.com\/product\/yoast-seo-wordpress\/ -->\r\n<title>Accessibility Policy - AKAM<\/title>\r\n<meta name=\"description\" content=\"Read AKAM&#039;s privacy policy to understand how we protect your personal information and ensure your privacy while using our services.\" \/>\r\n<meta name=\"robots\" content=\"index, follow, max-snippet:-1, max-image-preview:large, max-video-preview:-1\" \/>\r\n<link rel=\"canonical\" href=\"https:\/\/akam.com\/es\/accessibility-policy\/\" \/>\r\n<meta property=\"og:locale\" content=\"es_ES\" \/>\r\n<meta property=\"og:type\" content=\"article\" \/>\r\n<meta property=\"og:title\" content=\"Accessibility Policy - AKAM\" \/>\r\n<meta property=\"og:description\" content=\"Read AKAM&#039;s privacy policy to understand how we protect your personal information and ensure your privacy while using our services.\" \/>\r\n<meta property=\"og:url\" content=\"https:\/\/akam.com\/es\/accessibility-policy\/\" \/>\r\n<meta property=\"og:site_name\" content=\"AKAM\" \/>\r\n<meta property=\"article:modified_time\" content=\"2026-02-27T04:06:18+00:00\" \/>\r\n<meta property=\"og:image\" content=\"https:\/\/akam.com\/website\/wp-content\/uploads\/2024\/07\/AKAM-Preview-Image.jpg\" \/>\r\n\t<meta property=\"og:image:width\" content=\"812\" \/>\r\n\t<meta property=\"og:image:height\" content=\"600\" \/>\r\n\t<meta property=\"og:image:type\" content=\"image\/jpeg\" \/>\r\n<meta name=\"twitter:card\" content=\"summary_large_image\" \/>\r\n<meta name=\"twitter:label1\" content=\"Tiempo de lectura\" \/>\n\t<meta name=\"twitter:data1\" content=\"6 minutos\" \/>\r\n<script type=\"application\/ld+json\" class=\"yoast-schema-graph\">{\"@context\":\"https:\\\/\\\/schema.org\",\"@graph\":[{\"@type\":\"WebPage\",\"@id\":\"https:\\\/\\\/akam.com\\\/accessibility-policy\\\/\",\"url\":\"https:\\\/\\\/akam.com\\\/accessibility-policy\\\/\",\"name\":\"Accessibility Policy - AKAM\",\"isPartOf\":{\"@id\":\"https:\\\/\\\/akam.com\\\/#website\"},\"datePublished\":\"2026-02-27T04:04:54+00:00\",\"dateModified\":\"2026-02-27T04:06:18+00:00\",\"description\":\"Read AKAM's privacy policy to understand how we protect your personal information and ensure your privacy while using our services.\",\"breadcrumb\":{\"@id\":\"https:\\\/\\\/akam.com\\\/accessibility-policy\\\/#breadcrumb\"},\"inLanguage\":\"es\",\"potentialAction\":[{\"@type\":\"ReadAction\",\"target\":[\"https:\\\/\\\/akam.com\\\/accessibility-policy\\\/\"]}]},{\"@type\":\"BreadcrumbList\",\"@id\":\"https:\\\/\\\/akam.com\\\/accessibility-policy\\\/#breadcrumb\",\"itemListElement\":[{\"@type\":\"ListItem\",\"position\":1,\"name\":\"Home\",\"item\":\"https:\\\/\\\/akam.com\\\/\"},{\"@type\":\"ListItem\",\"position\":2,\"name\":\"Accessibility Policy\"}]},{\"@type\":\"WebSite\",\"@id\":\"https:\\\/\\\/akam.com\\\/#website\",\"url\":\"https:\\\/\\\/akam.com\\\/\",\"name\":\"AKAM\",\"description\":\"Discover AKAM, the best property management company offering comprehensive services for residential and commercial properties. Contact us today.\",\"potentialAction\":[{\"@type\":\"SearchAction\",\"target\":{\"@type\":\"EntryPoint\",\"urlTemplate\":\"https:\\\/\\\/akam.com\\\/?s={search_term_string}\"},\"query-input\":{\"@type\":\"PropertyValueSpecification\",\"valueRequired\":true,\"valueName\":\"search_term_string\"}}],\"inLanguage\":\"es\"}]}<\/script>\r\n<!-- \/ Yoast SEO plugin. -->","yoast_head_json":{"title":"Accessibility Policy - AKAM","description":"Read AKAM's privacy policy to understand how we protect your personal information and ensure your privacy while using our services.","robots":{"index":"index","follow":"follow","max-snippet":"max-snippet:-1","max-image-preview":"max-image-preview:large","max-video-preview":"max-video-preview:-1"},"canonical":"https:\/\/akam.com\/es\/accessibility-policy\/","og_locale":"es_ES","og_type":"article","og_title":"Accessibility Policy - AKAM","og_description":"Read AKAM's privacy policy to understand how we protect your personal information and ensure your privacy while using our services.","og_url":"https:\/\/akam.com\/es\/accessibility-policy\/","og_site_name":"AKAM","article_modified_time":"2026-02-27T04:06:18+00:00","og_image":[{"width":812,"height":600,"url":"https:\/\/akam.com\/website\/wp-content\/uploads\/2024\/07\/AKAM-Preview-Image.jpg","type":"image\/jpeg"}],"twitter_card":"summary_large_image","twitter_misc":{"Tiempo de lectura":"6 minutos"},"schema":{"@context":"https:\/\/schema.org","@graph":[{"@type":"WebPage","@id":"https:\/\/akam.com\/accessibility-policy\/","url":"https:\/\/akam.com\/accessibility-policy\/","name":"Accessibility Policy - AKAM","isPartOf":{"@id":"https:\/\/akam.com\/#website"},"datePublished":"2026-02-27T04:04:54+00:00","dateModified":"2026-02-27T04:06:18+00:00","description":"Read AKAM's privacy policy to understand how we protect your personal information and ensure your privacy while using our services.","breadcrumb":{"@id":"https:\/\/akam.com\/accessibility-policy\/#breadcrumb"},"inLanguage":"es","potentialAction":[{"@type":"ReadAction","target":["https:\/\/akam.com\/accessibility-policy\/"]}]},{"@type":"BreadcrumbList","@id":"https:\/\/akam.com\/accessibility-policy\/#breadcrumb","itemListElement":[{"@type":"ListItem","position":1,"name":"Home","item":"https:\/\/akam.com\/"},{"@type":"ListItem","position":2,"name":"Accessibility Policy"}]},{"@type":"WebSite","@id":"https:\/\/akam.com\/#website","url":"https:\/\/akam.com\/","name":"AKAM","description":"Discover AKAM, the best property management company offering comprehensive services for residential and commercial properties. Contact us today.","potentialAction":[{"@type":"SearchAction","target":{"@type":"EntryPoint","urlTemplate":"https:\/\/akam.com\/?s={search_term_string}"},"query-input":{"@type":"PropertyValueSpecification","valueRequired":true,"valueName":"search_term_string"}}],"inLanguage":"es"}]}},"_links":{"self":[{"href":"https:\/\/akam.com\/es\/wp-json\/wp\/v2\/pages\/2665","targetHints":{"allow":["GET"]}}],"collection":[{"href":"https:\/\/akam.com\/es\/wp-json\/wp\/v2\/pages"}],"about":[{"href":"https:\/\/akam.com\/es\/wp-json\/wp\/v2\/types\/page"}],"author":[{"embeddable":true,"href":"https:\/\/akam.com\/es\/wp-json\/wp\/v2\/users\/1"}],"replies":[{"embeddable":true,"href":"https:\/\/akam.com\/es\/wp-json\/wp\/v2\/comments?post=2665"}],"version-history":[{"count":3,"href":"https:\/\/akam.com\/es\/wp-json\/wp\/v2\/pages\/2665\/revisions"}],"predecessor-version":[{"id":2669,"href":"https:\/\/akam.com\/es\/wp-json\/wp\/v2\/pages\/2665\/revisions\/2669"}],"wp:attachment":[{"href":"https:\/\/akam.com\/es\/wp-json\/wp\/v2\/media?parent=2665"}],"curies":[{"name":"wp","href":"https:\/\/api.w.org\/{rel}","templated":true}]}}