{"id":256,"date":"2024-04-18T16:31:23","date_gmt":"2024-04-18T16:31:23","guid":{"rendered":"https:\/\/thriveencode.com\/projects\/akam\/?page_id=256"},"modified":"2024-07-18T11:55:04","modified_gmt":"2024-07-18T15:55:04","slug":"procurement","status":"publish","type":"page","link":"https:\/\/akam.com\/es\/services\/procurement\/","title":{"rendered":"Adquisiciones"},"content":{"rendered":"<section class=\"home-about-us-area our-service-repet-area project-manager-repet-area full-width\">\r\n\t\t\t<div class=\"container turnup\">\r\n\t\t\t\t\t\t\t\t<div class=\"home-about-us-wrapper\">\r\n\t\t\t\t\t<div class=\"row align-items-center\">\r\n\t\t\t\t\t <div class=\"col-lg-6\">\r\n\t\t\t\t\t\t <div class=\"home-about-image\" >\r\n\t\t\t\t\t\t\t <img decoding=\"async\" src=\"https:\/\/akam.com\/website\/wp-content\/uploads\/2024\/04\/procurement-spm.jpg\" alt=\"Service Image\">\r\n\t\t\t\t\t\t <\/div>\r\n\t\t\t\t\t <\/div>\r\n\t\t\t\t\t <div class=\"col-lg-6\">\r\n\t\t\t\t\t\t <div class=\"home-about-us-text\">\r\n\t\t\t\t\t\t\t    <h2>Adquisiciones y gesti\u00f3n estrat\u00e9gica<\/h2>\r\n\t\t\t\t\t\t\t    <p>AKAM es el \u00fanico que ofrece un programa de adquisiciones \u00fanico de dos v\u00edas, dise\u00f1ado para mejorar las adquisiciones de administraci\u00f3n de propiedades sin costo adicional para los clientes. Al ofrecer flexibilidad, permite a las juntas elegir si utilizan proveedores y vendedores recomendados, como ser\u00edan la pintura, accesorios de iluminaci\u00f3n, seguridad, servicios de limpieza y control de plagas, sin que sea un requisito. Tambi\u00e9n utilizamos una plataforma para agilizar la gesti\u00f3n de activos a trav\u00e9s del seguimiento digital con el fin de mejorar el mantenimiento, reducir riesgos y ahorrar dinero. Nuestro equipo dedicado aplica sensibilidad pr\u00e1ctica e inteligencia tecnol\u00f3gica para garantizar que las comunidades puedan beneficiarse de servicios y productos mejorados adaptados a sus necesidades espec\u00edficas.<\/p>\n\t\t\t\t\t\t\t\t\t\t\t\t\t\t\t\t\t<a href=\"\/es\/about-us\/\" target=\"_self\" class=\"common-button\">Sobre nosotros<\/a>\r\n\t\t\t\t\t\t\t\t\r\n\t\t\t\t\t\t <\/div>\r\n\t\t\t\t\t <\/div>\r\n\t\t\t\t\t<\/div>\r\n\t\t\t\t <\/div>\r\n\t\t\t\t \t\t\t\t<div class=\"home-about-us-wrapper\">\r\n\t\t\t\t\t<div class=\"row align-items-center\">\r\n\t\t\t\t\t <div class=\"col-lg-6\">\r\n\t\t\t\t\t\t <div class=\"home-about-image\" >\r\n\t\t\t\t\t\t\t <img decoding=\"async\" src=\"https:\/\/akam.com\/website\/wp-content\/uploads\/2024\/04\/procurement-ssp.jpg\" alt=\"Service Image\">\r\n\t\t\t\t\t\t <\/div>\r\n\t\t\t\t\t <\/div>\r\n\t\t\t\t\t <div class=\"col-lg-6\">\r\n\t\t\t\t\t\t <div class=\"home-about-us-text\">\r\n\t\t\t\t\t\t\t    <h2>Track I: Abastecimiento y adquisiciones estrat\u00e9gicas<\/h2>\r\n\t\t\t\t\t\t\t    <p>Track I se centra en el abastecimiento y las adquisiciones estrat\u00e9gicas, seleccionando proveedores y vendedores preferidos en funci\u00f3n de la calidad, la capacidad, las capacidades de entrega, el acceso y los precios. Los servicios de proveedores y vendedores abarcan desde pintura y accesorios de iluminaci\u00f3n hasta seguridad, limpieza y control de plagas. Esta v\u00eda permite a AKAM garantizar una calidad y un servicio superiores para sus clientes sin costo adicional. Las juntas tienen la opci\u00f3n de elegir proveedores preferidos, lo que facilita el ahorro y garantiza la calidad en diversos servicios y suministros.<\/p>\n\t\t\t\t\t\t\t\t\t\t\t\t\t\t\t\t\t<a href=\"\/es\/request-a-proposal\/\" target=\"_self\" class=\"common-button\">Solicitar una propuesta<\/a>\r\n\t\t\t\t\t\t\t\t\r\n\t\t\t\t\t\t <\/div>\r\n\t\t\t\t\t <\/div>\r\n\t\t\t\t\t<\/div>\r\n\t\t\t\t <\/div>\r\n\t\t\t\t \t\t\t\t<div class=\"home-about-us-wrapper\">\r\n\t\t\t\t\t<div class=\"row align-items-center\">\r\n\t\t\t\t\t <div class=\"col-lg-6\">\r\n\t\t\t\t\t\t <div class=\"home-about-image\" >\r\n\t\t\t\t\t\t\t <img decoding=\"async\" src=\"https:\/\/akam.com\/website\/wp-content\/uploads\/2024\/04\/procurement-fmp.jpg\" alt=\"Service Image\">\r\n\t\t\t\t\t\t <\/div>\r\n\t\t\t\t\t <\/div>\r\n\t\t\t\t\t <div class=\"col-lg-6\">\r\n\t\t\t\t\t\t <div class=\"home-about-us-text\">\r\n\t\t\t\t\t\t\t    <h2>Track II: <br>Plataforma de gesti\u00f3n de instalaciones<\/h2>\r\n\t\t\t\t\t\t\t    <p>Track II presenta una plataforma de gesti\u00f3n de instalaciones, desarrollada en asociaci\u00f3n con LifeCycle Facility Services en Nueva York, para gestionar el ciclo de vida de los activos de un edificio. Esta innovadora plataforma etiqueta cada pieza del equipo para un f\u00e1cil seguimiento digital, lo que permite un mantenimiento eficiente y reemplazos rentables. Promueve una mejor planificaci\u00f3n, reduce los riesgos mediante el mantenimiento preventivo y ofrece informes detallados, lo que en \u00faltima instancia mejora la productividad y extiende la vida \u00fatil de los activos mientras ahorra costos.<\/p>\n\t\t\t\t\t\t\t\t\t\t\t\t\t\t\t\t\t<a href=\"\/es\/request-a-proposal\/\" target=\"_self\" class=\"common-button\">SOLICITAR UNA PROPUESTA<\/a>\r\n\t\t\t\t\t\t\t\t\r\n\t\t\t\t\t\t <\/div>\r\n\t\t\t\t\t <\/div>\r\n\t\t\t\t\t<\/div>\r\n\t\t\t\t <\/div>\r\n\t\t\t\t \t\t\t<\/div>\r\n\t\t<\/section>\t\r\n\t\n\n\n\t<section class=\"testmonial-area  full-width\">\r\n\t\t<div class=\"container\">\r\n\t\t\t<div class=\"row align-items-center\">\r\n\t\t\t\t<div class=\"col-lg-4\">\r\n\t\t\t\t\t<div class=\"testimonial-content\">\r\n\t\t\t\t\t\t\t\t\t\t\t\t\t<h4>Testimonios<\/h4>\r\n\t\t\t\t\t\t\t\t\t\t\t\t<p>Nuestra reputaci\u00f3n se basa en ser receptivos, flexibles y adaptables, manteni\u00e9ndonos siempre a la vanguardia para satisfacer y superar las necesidades cambiantes de nuestros clientes. Vea lo que otros tienen que decir sobre trabajar con AKAM.<\/p>\n\t\t\t\t\t\t<div class=\"swiper-pagination\"><\/div>\r\n\t\t\t\t\t<\/div>\r\n\t\t\t\t<\/div>\r\n\t\t\t\t\r\n\t\t\t\t\t\t\t\t<div class=\"col-lg-8\">\r\n\t\t\t\t\t<div class=\"tesimonial-slider-wrapper\">\r\n\t\t\t\t\t\t<div class=\"swiper-container\">\r\n\t\t\t\t\t\t\t<div class=\"swiper-wrapper\">\r\n\t\t\t\t\t\t\t\t\t\t\t\t\t\t\t\t<div class=\"swiper-slide\">\r\n\t\t\t\t\t\t\t\t\t<div class=\"each-testimonial\">\r\n\t\t\t\t\t\t\t\t\t\t\n<p>Christan ha sido la administradora de propiedades en mi edificio durante algunos a\u00f1os. Siempre hace todo lo posible para intentar resolver cualquier problema que he tenido a lo largo de los a\u00f1os. Es r\u00e1pida, atenta y siempre profesional.<\/p>\n\t\t\t\t\t\t\t\t\t\t<div class=\"author-area d-flex\">\r\n\t\t\t\t\t\t\t\t\t\t\t<!--<div class=\"author-image-wrapper\">\r\n\t\t\t\t\t\t\t\t\t\t\t\t<img decoding=\"async\" src=\"https:\/\/akam.com\/website\/wp-content\/uploads\/2024\/04\/avatar-image.png\" border=\"0\" alt=\"\">\r\n\t\t\t\t\t\t\t\t\t\t\t<\/div>-->\r\n\t\t\t\t\t\t\t\t\t\t\t<div class=\"author-line-wrapper\">\r\n\t\t\t\t\t\t\t\t\t\t\t\t<span>-<\/span>\r\n\t\t\t\t\t\t\t\t\t\t\t<\/div>\r\n\t\t\t\t\t\t\t\t\t\t\t<div class=\"authore-content\">\r\n\t\t\t\t\t\t\t\t\t\t\t\t<h4>cindy m.<\/h4>\r\n\t\t\t\t\t\t\t\t\t\t\t\t<p><\/p>\r\n\t\t\t\t\t\t\t\t\t\t\t<\/div>\r\n\t\t\t\t\t\t\t\t\t\t<\/div>\r\n\t\t\t\t\t\t\t\t\t<\/div>\r\n\t\t\t\t\t\t\t\t<\/div>\r\n\t\t\t\t\t\t\t\t\t\t\t\t\t\t\t\t<div class=\"swiper-slide\">\r\n\t\t\t\t\t\t\t\t\t<div class=\"each-testimonial\">\r\n\t\t\t\t\t\t\t\t\t\t\n<p>S\u00f3lo quer\u00eda tomarme el tiempo para elogiar la competencia y el profesionalismo de David. Investiga el asunto y, cuando es necesario, lo resuelve con prontitud. Adem\u00e1s, deseo se\u00f1alar que siempre est\u00e1 disponible con alguna inquietud con respecto a la propiedad, como limpieza, recolecci\u00f3n de basura y problemas de mantenimiento general.<\/p>\n\t\t\t\t\t\t\t\t\t\t<div class=\"author-area d-flex\">\r\n\t\t\t\t\t\t\t\t\t\t\t<!--<div class=\"author-image-wrapper\">\r\n\t\t\t\t\t\t\t\t\t\t\t\t<img decoding=\"async\" src=\"https:\/\/akam.com\/website\/wp-content\/uploads\/2024\/04\/avatar-image.png\" border=\"0\" alt=\"\">\r\n\t\t\t\t\t\t\t\t\t\t\t<\/div>-->\r\n\t\t\t\t\t\t\t\t\t\t\t<div class=\"author-line-wrapper\">\r\n\t\t\t\t\t\t\t\t\t\t\t\t<span>-<\/span>\r\n\t\t\t\t\t\t\t\t\t\t\t<\/div>\r\n\t\t\t\t\t\t\t\t\t\t\t<div class=\"authore-content\">\r\n\t\t\t\t\t\t\t\t\t\t\t\t<h4>John D.<\/h4>\r\n\t\t\t\t\t\t\t\t\t\t\t\t<p><\/p>\r\n\t\t\t\t\t\t\t\t\t\t\t<\/div>\r\n\t\t\t\t\t\t\t\t\t\t<\/div>\r\n\t\t\t\t\t\t\t\t\t<\/div>\r\n\t\t\t\t\t\t\t\t<\/div>\r\n\t\t\t\t\t\t\t\t\t\t\t\t\t\t\t\t<div class=\"swiper-slide\">\r\n\t\t\t\t\t\t\t\t\t<div class=\"each-testimonial\">\r\n\t\t\t\t\t\t\t\t\t\t\n<p>Muchas gracias a mi gerente en AKAM. Ella siempre es r\u00e1pida y est\u00e1 disponible cuando es necesario para ayudar con cualquier inquietud. Realmente aprecio su s\u00f3lido servicio al cliente, su atenci\u00f3n al detalle y su inter\u00e9s. \u00a1Gracias!<\/p>\n\t\t\t\t\t\t\t\t\t\t<div class=\"author-area d-flex\">\r\n\t\t\t\t\t\t\t\t\t\t\t<!--<div class=\"author-image-wrapper\">\r\n\t\t\t\t\t\t\t\t\t\t\t\t<img decoding=\"async\" src=\"https:\/\/akam.com\/website\/wp-content\/uploads\/2024\/04\/avatar-image-line.png\" border=\"0\" alt=\"\">\r\n\t\t\t\t\t\t\t\t\t\t\t<\/div>-->\r\n\t\t\t\t\t\t\t\t\t\t\t<div class=\"author-line-wrapper\">\r\n\t\t\t\t\t\t\t\t\t\t\t\t<span>-<\/span>\r\n\t\t\t\t\t\t\t\t\t\t\t<\/div>\r\n\t\t\t\t\t\t\t\t\t\t\t<div class=\"authore-content\">\r\n\t\t\t\t\t\t\t\t\t\t\t\t<h4>amy m.<\/h4>\r\n\t\t\t\t\t\t\t\t\t\t\t\t<p><\/p>\r\n\t\t\t\t\t\t\t\t\t\t\t<\/div>\r\n\t\t\t\t\t\t\t\t\t\t<\/div>\r\n\t\t\t\t\t\t\t\t\t<\/div>\r\n\t\t\t\t\t\t\t\t<\/div>\r\n\t\t\t\t\t\t\t\t\t\t\t\t\t\t\t\t<div class=\"swiper-slide\">\r\n\t\t\t\t\t\t\t\t\t<div class=\"each-testimonial\">\r\n\t\t\t\t\t\t\t\t\t\t\n<p>David es un destacado representante de AKAM. Es un oyente excepcional, muy respetuoso, muy eficaz y siempre hace el trabajo. Somos muy afortunados de contar con una persona tan amable y confiable cuid\u00e1ndonos.<\/p>\n\t\t\t\t\t\t\t\t\t\t<div class=\"author-area d-flex\">\r\n\t\t\t\t\t\t\t\t\t\t\t<!--<div class=\"author-image-wrapper\">\r\n\t\t\t\t\t\t\t\t\t\t\t\t<img decoding=\"async\" src=\"https:\/\/akam.com\/website\/wp-content\/uploads\/2024\/04\/avatar-image.png\" border=\"0\" alt=\"\">\r\n\t\t\t\t\t\t\t\t\t\t\t<\/div>-->\r\n\t\t\t\t\t\t\t\t\t\t\t<div class=\"author-line-wrapper\">\r\n\t\t\t\t\t\t\t\t\t\t\t\t<span>-<\/span>\r\n\t\t\t\t\t\t\t\t\t\t\t<\/div>\r\n\t\t\t\t\t\t\t\t\t\t\t<div class=\"authore-content\">\r\n\t\t\t\t\t\t\t\t\t\t\t\t<h4>Grace J.<\/h4>\r\n\t\t\t\t\t\t\t\t\t\t\t\t<p><\/p>\r\n\t\t\t\t\t\t\t\t\t\t\t<\/div>\r\n\t\t\t\t\t\t\t\t\t\t<\/div>\r\n\t\t\t\t\t\t\t\t\t<\/div>\r\n\t\t\t\t\t\t\t\t<\/div>\r\n\t\t\t\t\t\t\t\t\t\t\t\t\t\t\t\t<div class=\"swiper-slide\">\r\n\t\t\t\t\t\t\t\t\t<div class=\"each-testimonial\">\r\n\t\t\t\t\t\t\t\t\t\t\n<p>Mi gerente es extremadamente receptiva y pudo resolver un malentendido r\u00e1pidamente. AKAM tiene mucha suerte de tenerla.<\/p>\n\t\t\t\t\t\t\t\t\t\t<div class=\"author-area d-flex\">\r\n\t\t\t\t\t\t\t\t\t\t\t<!--<div class=\"author-image-wrapper\">\r\n\t\t\t\t\t\t\t\t\t\t\t\t<img decoding=\"async\" src=\"https:\/\/akam.com\/website\/wp-content\/uploads\/2024\/04\/avatar-image.png\" border=\"0\" alt=\"\">\r\n\t\t\t\t\t\t\t\t\t\t\t<\/div>-->\r\n\t\t\t\t\t\t\t\t\t\t\t<div class=\"author-line-wrapper\">\r\n\t\t\t\t\t\t\t\t\t\t\t\t<span>-<\/span>\r\n\t\t\t\t\t\t\t\t\t\t\t<\/div>\r\n\t\t\t\t\t\t\t\t\t\t\t<div class=\"authore-content\">\r\n\t\t\t\t\t\t\t\t\t\t\t\t<h4>Tom Y.<\/h4>\r\n\t\t\t\t\t\t\t\t\t\t\t\t<p><\/p>\r\n\t\t\t\t\t\t\t\t\t\t\t<\/div>\r\n\t\t\t\t\t\t\t\t\t\t<\/div>\r\n\t\t\t\t\t\t\t\t\t<\/div>\r\n\t\t\t\t\t\t\t\t<\/div>\r\n\t\t\t\t\t\t\t\t\t\t\t\t\t\t\t<\/div>\r\n\t\t\t\t\t\t<\/div>\r\n\t\t\t\t\t<\/div>\r\n\t\t\t\t<\/div>\r\n\t\t\t\t\t\t\t<\/div>\r\n\t\t<\/div>\r\n\t<\/section>","protected":false},"excerpt":{"rendered":"","protected":false},"author":1,"featured_media":0,"parent":60,"menu_order":0,"comment_status":"closed","ping_status":"closed","template":"","meta":{"_acf_changed":false,"inline_featured_image":false,"footnotes":""},"class_list":["post-256","page","type-page","status-publish","hentry","entry"],"acf":[],"yoast_head":"<!-- This site is optimized with the Yoast SEO plugin v27.5 - https:\/\/yoast.com\/product\/yoast-seo-wordpress\/ -->\r\n<title>Procurement - AKAM<\/title>\r\n<meta name=\"description\" content=\"Streamline your property management with AKAM&#039;s procurement services. Get the best deals on supplies and services, ensuring cost-effective and efficient operations.\" \/>\r\n<meta name=\"robots\" content=\"index, follow, max-snippet:-1, max-image-preview:large, max-video-preview:-1\" \/>\r\n<link rel=\"canonical\" href=\"https:\/\/akam.com\/es\/services\/procurement\/\" \/>\r\n<meta property=\"og:locale\" content=\"es_ES\" \/>\r\n<meta property=\"og:type\" content=\"article\" \/>\r\n<meta property=\"og:title\" content=\"Procurement - AKAM\" \/>\r\n<meta property=\"og:description\" content=\"Streamline your property management with AKAM&#039;s procurement services. Get the best deals on supplies and services, ensuring cost-effective and efficient operations.\" \/>\r\n<meta property=\"og:url\" content=\"https:\/\/akam.com\/es\/services\/procurement\/\" \/>\r\n<meta property=\"og:site_name\" content=\"AKAM\" \/>\r\n<meta property=\"article:modified_time\" content=\"2024-07-18T15:55:04+00:00\" \/>\r\n<meta property=\"og:image\" content=\"https:\/\/akam.com\/website\/wp-content\/uploads\/2024\/07\/AKAM-Preview-Image.jpg\" \/>\r\n\t<meta property=\"og:image:width\" content=\"812\" \/>\r\n\t<meta property=\"og:image:height\" content=\"600\" \/>\r\n\t<meta property=\"og:image:type\" content=\"image\/jpeg\" \/>\r\n<meta name=\"twitter:card\" content=\"summary_large_image\" \/>\r\n<meta name=\"twitter:label1\" content=\"Tiempo de lectura\" \/>\n\t<meta name=\"twitter:data1\" content=\"1 minuto\" \/>\r\n<script type=\"application\/ld+json\" class=\"yoast-schema-graph\">{\"@context\":\"https:\\\/\\\/schema.org\",\"@graph\":[{\"@type\":\"WebPage\",\"@id\":\"https:\\\/\\\/akam.com\\\/services\\\/procurement\\\/\",\"url\":\"https:\\\/\\\/akam.com\\\/services\\\/procurement\\\/\",\"name\":\"Procurement - AKAM\",\"isPartOf\":{\"@id\":\"https:\\\/\\\/akam.com\\\/#website\"},\"datePublished\":\"2024-04-18T16:31:23+00:00\",\"dateModified\":\"2024-07-18T15:55:04+00:00\",\"description\":\"Streamline your property management with AKAM's procurement services. Get the best deals on supplies and services, ensuring cost-effective and efficient operations.\",\"breadcrumb\":{\"@id\":\"https:\\\/\\\/akam.com\\\/services\\\/procurement\\\/#breadcrumb\"},\"inLanguage\":\"es\",\"potentialAction\":[{\"@type\":\"ReadAction\",\"target\":[\"https:\\\/\\\/akam.com\\\/services\\\/procurement\\\/\"]}]},{\"@type\":\"BreadcrumbList\",\"@id\":\"https:\\\/\\\/akam.com\\\/services\\\/procurement\\\/#breadcrumb\",\"itemListElement\":[{\"@type\":\"ListItem\",\"position\":1,\"name\":\"Home\",\"item\":\"https:\\\/\\\/akam.com\\\/\"},{\"@type\":\"ListItem\",\"position\":2,\"name\":\"Services\",\"item\":\"https:\\\/\\\/akam.com\\\/services\\\/\"},{\"@type\":\"ListItem\",\"position\":3,\"name\":\"Procurement\"}]},{\"@type\":\"WebSite\",\"@id\":\"https:\\\/\\\/akam.com\\\/#website\",\"url\":\"https:\\\/\\\/akam.com\\\/\",\"name\":\"AKAM\",\"description\":\"Discover AKAM, the best property management company offering comprehensive services for residential and commercial properties. Contact us today.\",\"potentialAction\":[{\"@type\":\"SearchAction\",\"target\":{\"@type\":\"EntryPoint\",\"urlTemplate\":\"https:\\\/\\\/akam.com\\\/?s={search_term_string}\"},\"query-input\":{\"@type\":\"PropertyValueSpecification\",\"valueRequired\":true,\"valueName\":\"search_term_string\"}}],\"inLanguage\":\"es\"}]}<\/script>\r\n<!-- \/ Yoast SEO plugin. -->","yoast_head_json":{"title":"Procurement - AKAM","description":"Streamline your property management with AKAM's procurement services. Get the best deals on supplies and services, ensuring cost-effective and efficient operations.","robots":{"index":"index","follow":"follow","max-snippet":"max-snippet:-1","max-image-preview":"max-image-preview:large","max-video-preview":"max-video-preview:-1"},"canonical":"https:\/\/akam.com\/es\/services\/procurement\/","og_locale":"es_ES","og_type":"article","og_title":"Procurement - AKAM","og_description":"Streamline your property management with AKAM's procurement services. Get the best deals on supplies and services, ensuring cost-effective and efficient operations.","og_url":"https:\/\/akam.com\/es\/services\/procurement\/","og_site_name":"AKAM","article_modified_time":"2024-07-18T15:55:04+00:00","og_image":[{"width":812,"height":600,"url":"https:\/\/akam.com\/website\/wp-content\/uploads\/2024\/07\/AKAM-Preview-Image.jpg","type":"image\/jpeg"}],"twitter_card":"summary_large_image","twitter_misc":{"Tiempo de lectura":"1 minuto"},"schema":{"@context":"https:\/\/schema.org","@graph":[{"@type":"WebPage","@id":"https:\/\/akam.com\/services\/procurement\/","url":"https:\/\/akam.com\/services\/procurement\/","name":"Procurement - AKAM","isPartOf":{"@id":"https:\/\/akam.com\/#website"},"datePublished":"2024-04-18T16:31:23+00:00","dateModified":"2024-07-18T15:55:04+00:00","description":"Streamline your property management with AKAM's procurement services. Get the best deals on supplies and services, ensuring cost-effective and efficient operations.","breadcrumb":{"@id":"https:\/\/akam.com\/services\/procurement\/#breadcrumb"},"inLanguage":"es","potentialAction":[{"@type":"ReadAction","target":["https:\/\/akam.com\/services\/procurement\/"]}]},{"@type":"BreadcrumbList","@id":"https:\/\/akam.com\/services\/procurement\/#breadcrumb","itemListElement":[{"@type":"ListItem","position":1,"name":"Home","item":"https:\/\/akam.com\/"},{"@type":"ListItem","position":2,"name":"Services","item":"https:\/\/akam.com\/services\/"},{"@type":"ListItem","position":3,"name":"Procurement"}]},{"@type":"WebSite","@id":"https:\/\/akam.com\/#website","url":"https:\/\/akam.com\/","name":"AKAM","description":"Discover AKAM, the best property management company offering comprehensive services for residential and commercial properties. Contact us today.","potentialAction":[{"@type":"SearchAction","target":{"@type":"EntryPoint","urlTemplate":"https:\/\/akam.com\/?s={search_term_string}"},"query-input":{"@type":"PropertyValueSpecification","valueRequired":true,"valueName":"search_term_string"}}],"inLanguage":"es"}]}},"_links":{"self":[{"href":"https:\/\/akam.com\/es\/wp-json\/wp\/v2\/pages\/256","targetHints":{"allow":["GET"]}}],"collection":[{"href":"https:\/\/akam.com\/es\/wp-json\/wp\/v2\/pages"}],"about":[{"href":"https:\/\/akam.com\/es\/wp-json\/wp\/v2\/types\/page"}],"author":[{"embeddable":true,"href":"https:\/\/akam.com\/es\/wp-json\/wp\/v2\/users\/1"}],"replies":[{"embeddable":true,"href":"https:\/\/akam.com\/es\/wp-json\/wp\/v2\/comments?post=256"}],"version-history":[{"count":16,"href":"https:\/\/akam.com\/es\/wp-json\/wp\/v2\/pages\/256\/revisions"}],"predecessor-version":[{"id":1108,"href":"https:\/\/akam.com\/es\/wp-json\/wp\/v2\/pages\/256\/revisions\/1108"}],"up":[{"embeddable":true,"href":"https:\/\/akam.com\/es\/wp-json\/wp\/v2\/pages\/60"}],"wp:attachment":[{"href":"https:\/\/akam.com\/es\/wp-json\/wp\/v2\/media?parent=256"}],"curies":[{"name":"wp","href":"https:\/\/api.w.org\/{rel}","templated":true}]}}